{"id":14,"date":"2011-07-14T19:47:05","date_gmt":"2011-07-14T19:47:05","guid":{"rendered":"http:\/\/magniflex.lt\/\/contacts\/"},"modified":"2020-04-01T10:38:25","modified_gmt":"2020-04-01T10:38:25","slug":"contacts","status":"publish","type":"page","link":"http:\/\/magniflex.lv\/lv\/contacts\/","title":{"rendered":"Contacts"},"content":{"rendered":"<h2>Contact info<\/h2>\n<p><strong>\" Electro Base Ltd.\"<br \/>\nKatlakalna street 9, Riga, LV-1073, Latvia<\/strong><\/p>\n<p>E-mail: info@electrobase.lv<br \/>\nE-mail:\u00a0info@magniflex.ee<\/p>\n<p>Tel: <a href=\"tel:%2B371%2029237676\">+371 29237676<\/a><\/p>\n<p><!--\n\n<strong>\u00abMagni Baltic Sea O\u00dc\u00bb\u00a0<\/strong>\n\ntel: +371 2 923-76-76.\n\ne-mail: <a href=\"mailto:go@magniflex.ee\">go@magniflex.ee<\/a>\ne-mail: <a href=\"mailto:info@magniflex.lv\">info@magniflex.lv<\/a>\n--><br \/>\n<strong>\u00a0Light studio\u00a0<\/strong><\/p>\n<p><strong>\u00a0<\/strong>veikals Br\u012bv\u012bbas 137, R\u012bga, LV-1012<\/p>\n<p>Monday- Saturday 10:00-18:00<\/p>\n<p>tel. +37166117660,<\/p>\n<p><a href=\"mailto:info@lightstudio.lv\">info@lightstudio.lv<\/a><\/p>\n<p>www.lightstudio.lv<br \/>\n<!--\n<iframe style=\"border: 0;\" src=\"https:\/\/www.google.com\/maps\/embed?pb=!1m18!1m12!1m3!1d4349.827820940748!2d24.14026621576366!3d56.967407146435654!2m3!1f0!2f0!3f0!3m2!1i1024!2i768!4f13.1!3m3!1m2!1s0x0%3A0x8a5d41165ce01293!2sLIGHT+STUDIO!5e0!3m2!1sru!2s!4v1506533646887\" width=\"600\" height=\"450\" frameborder=\"0\" allowfullscreen=\"allowfullscreen\"><\/iframe>\n\n<strong>Maison&amp;Co<\/strong>\n\n<strong>\u00a0<\/strong>Riga, Latvia, Terbates 88, LV-1001\n\nMonday- Saturday 10:00-18:00\n\n+371-26-190-660\n\n<a href=\"mailto:maison@gmail.com\">maison@gmail.com<\/a>\n\nwww.maison.lv\n\n<iframe style=\"border: 0;\" src=\"https:\/\/www.google.com\/maps\/embed?pb=!1m18!1m12!1m3!1d2175.2673499606535!2d24.136205415977866!3d56.96135278089383!2m3!1f0!2f0!3f0!3m2!1i1024!2i768!4f13.1!3m3!1m2!1s0x46eece356047562f%3A0x71d5e9d41b52bc21!2zVMSTcmJhdGFzIGllbGEgODgsIENlbnRyYSByYWpvbnMsIFLEq2dhLCBMVi0xMDAxLCDQm9Cw0YLQstC40Y8!5e0!3m2!1sru!2sua!4v1506533092737\" width=\"600\" height=\"450\" frameborder=\"0\" allowfullscreen=\"allowfullscreen\"><\/iframe>\n--><\/p>\n<h2>Contact form<\/h2>\n<div role=\"form\" class=\"wpcf7\" id=\"wpcf7-f208-o2\" dir=\"ltr\">\n<div class=\"screen-reader-response\"><p role=\"status\" aria-live=\"polite\" aria-atomic=\"true\"><\/p> <ul><\/ul><\/div>\n<form action=\"\/lv\/wp-json\/wp\/v2\/pages\/14#wpcf7-f208-o2\" method=\"post\" class=\"wpcf7-form init\" novalidate=\"novalidate\" data-status=\"init\">\n<div style=\"display: none;\">\n<input type=\"hidden\" name=\"_wpcf7\" value=\"208\" \/>\n<input type=\"hidden\" name=\"_wpcf7_version\" value=\"5.3.2\" \/>\n<input type=\"hidden\" name=\"_wpcf7_locale\" value=\"\" \/>\n<input type=\"hidden\" name=\"_wpcf7_unit_tag\" value=\"wpcf7-f208-o2\" \/>\n<input type=\"hidden\" name=\"_wpcf7_container_post\" value=\"0\" \/>\n<input type=\"hidden\" name=\"_wpcf7_posted_data_hash\" value=\"\" \/>\n<\/div>\n<div class=\"row-fluid\">\n<p class=\"span4 field\"><span class=\"wpcf7-form-control-wrap your-name\"><input type=\"text\" name=\"your-name\" value=\"\" size=\"40\" class=\"wpcf7-form-control wpcf7-text wpcf7-validates-as-required\" aria-required=\"true\" aria-invalid=\"false\" placeholder=\"Name:\" \/><\/span> <\/p>\n<p class=\"span4 field\"><span class=\"wpcf7-form-control-wrap your-email\"><input type=\"email\" name=\"your-email\" value=\"\" size=\"40\" class=\"wpcf7-form-control wpcf7-text wpcf7-email wpcf7-validates-as-required wpcf7-validates-as-email\" aria-required=\"true\" aria-invalid=\"false\" placeholder=\"E-mail:\" \/><\/span> <\/p>\n<p class=\"span4 field\"><span class=\"wpcf7-form-control-wrap your-phone\"><input type=\"text\" name=\"your-phone\" value=\"\" size=\"40\" class=\"wpcf7-form-control wpcf7-text\" aria-invalid=\"false\" placeholder=\"Phone:\" \/><\/span> <\/p>\n<\/div>\n<p class=\"field\"><span class=\"wpcf7-form-control-wrap your-message\"><textarea name=\"your-message\" cols=\"40\" rows=\"10\" class=\"wpcf7-form-control wpcf7-textarea\" aria-invalid=\"false\" placeholder=\"Message:\"><\/textarea><\/span> <\/p>\n<p class=\"submit-wrap\"><input type=\"reset\" value=\"clear\" class=\"btn btn-primary\" \/><input type=\"submit\" value=\"send\" class=\"wpcf7-form-control wpcf7-submit btn btn-primary\" \/><\/p>\n<div class=\"wpcf7-response-output\" aria-hidden=\"true\"><\/div><\/form><\/div>","protected":false},"excerpt":{"rendered":"<p>Contact info \" Electro Base Ltd.\" Katlakalna street 9, Riga, LV-1073, Latvia E-mail: info@electrobase.lv E-mail:\u00a0info@magniflex.ee Tel: +371 29237676 \u00a0Light studio\u00a0 \u00a0veikals Br\u012bv\u012bbas 137, R\u012bga, LV-1012 Monday- Saturday 10:00-18:00 tel. +37166117660, info@lightstudio.lv www.lightstudio.lv Contact form<\/p>\n","protected":false},"author":1,"featured_media":0,"parent":0,"menu_order":6,"comment_status":"open","ping_status":"closed","template":"page-fullwidth.php","meta":[],"_links":{"self":[{"href":"http:\/\/magniflex.lv\/lv\/wp-json\/wp\/v2\/pages\/14"}],"collection":[{"href":"http:\/\/magniflex.lv\/lv\/wp-json\/wp\/v2\/pages"}],"about":[{"href":"http:\/\/magniflex.lv\/lv\/wp-json\/wp\/v2\/types\/page"}],"author":[{"embeddable":true,"href":"http:\/\/magniflex.lv\/lv\/wp-json\/wp\/v2\/users\/1"}],"replies":[{"embeddable":true,"href":"http:\/\/magniflex.lv\/lv\/wp-json\/wp\/v2\/comments?post=14"}],"version-history":[{"count":38,"href":"http:\/\/magniflex.lv\/lv\/wp-json\/wp\/v2\/pages\/14\/revisions"}],"predecessor-version":[{"id":2762,"href":"http:\/\/magniflex.lv\/lv\/wp-json\/wp\/v2\/pages\/14\/revisions\/2762"}],"wp:attachment":[{"href":"http:\/\/magniflex.lv\/lv\/wp-json\/wp\/v2\/media?parent=14"}],"curies":[{"name":"wp","href":"https:\/\/api.w.org\/{rel}","templated":true}]}}