{"id":1797,"date":"2011-07-14T19:45:29","date_gmt":"2011-07-14T19:45:29","guid":{"rendered":"http:\/\/magniflex.lt\/\/about\/"},"modified":"2016-12-08T07:20:49","modified_gmt":"2016-12-08T07:20:49","slug":"about","status":"publish","type":"page","link":"http:\/\/magniflex.lv\/lv\/about\/","title":{"rendered":"About"},"content":{"rendered":"<div class=\"row \">\n<div class=\"span4 \"><div class=\"about_wrapper\"><div class=\"about_wrapper_wrap_inner\">\n<h2>Magniflex<\/h2>\n<p><img loading=\"lazy\" class=\"alignnone wp-image-2313 size-medium\" src=\"http:\/\/magniflex.lt\/wp-content\/uploads\/2011\/07\/magni-300x285.jpg\" width=\"300\" height=\"285\" srcset=\"http:\/\/magniflex.lv\/wp-content\/uploads\/2011\/07\/magni-300x285.jpg 300w, http:\/\/magniflex.lv\/wp-content\/uploads\/2011\/07\/magni.jpg 463w\" sizes=\"(max-width: 300px) 100vw, 300px\" \/><\/p>\n<div class=\"extra-wrap\">\n<h3><strong>Kvalitat\u012bvs miegs, kas dzimst It\u0101lij\u0101<\/strong><\/h3>\n<p>Vien\u0101 no pa\u0161iem romantisk\u0101kajiem un mierpiln\u0101kajiem It\u0101lijas nost\u016briem, pa\u0161\u0101 Tosk\u0101nas sird\u012b, s\u0101k\u0101s pasaules vado\u0161\u0101 komfortablu matra\u010du ra\u017eot\u0101ja, komp\u0101nijas Magniflex v\u0113sture.<br \/>\nT\u0101 dzima pirms vair\u0101k nek\u0101 piecdesmit gadiem br\u012bd\u012b, kad D\u017euljano Mani sav\u0101 m\u0101jas darbn\u012bc\u0101 izgatavoja pirmo Magniflex matraci.<br \/>\nNu jau ir pag\u0101jis pusgadsimts, un pateicoties m\u016bsdienu tehnolo\u0123ij\u0101m, inovat\u012bvajiem materi\u0101liem un detaliz\u0113tiem komfortabla miega nosac\u012bjumu p\u0113t\u012bjumiem, Magniflex ir<br \/>\nk\u013cuvis par glob\u0101lu l\u012bderi gan matra\u010du, gan ar\u012b miegam un atp\u016btai paredz\u0113to pre\u010du ra\u017eo\u0161anas jom\u0101.<br \/>\nVair\u0101k nek\u0101 80 miljoni cilv\u0113ku 70 pasaules valst\u012bs uztic savu miegu Magniflex.<\/p>\n<\/div>\n<div class=\"spacer\"><\/div><!-- .spacer (end) -->\n<\/div><\/div><\/div>\n<div class=\"span8 \"><div class=\"history_wrapper\"><div class=\"history_wrapper_wrap_inner\">\n<h2>K\u0101d\u0113\u013c m\u0113s izv\u0113lamies Magniflex:<\/h2>\n<div class=\"list styled angle-list\">\n<ul>\n<li>50 gadu pieredze komfortablu matra\u010du izstr\u0101des jom\u0101<\/li>\n<li>Magniflex izstr\u0101d\u0101jumi ir piepras\u012bti 70 pasaules valst\u012bs<\/li>\n<li>Pilna cikla ra\u017eo\u0161anas fabrika<\/li>\n<li>100% It\u0101lijas dizains un ra\u017eojums<\/li>\n<li>Kvalit\u0101tes kontrole visos ra\u017eo\u0161anas posmos Eiropas un pasaules laboratoriju sertifik\u0101ti<\/li>\n<li>Sadarb\u012bba ar medic\u012bnas un komfortabla miega speci\u0101listiem<\/li>\n<li>Starptautiskie kvalit\u0101tes un ekolo\u0123isko normu standarti<\/li>\n<li>Magniflex matracis - komfortabla miega sist\u0113ma un r\u016bpes par savu vesel\u012bbu un labkl\u0101j\u012bbu<\/li>\n<li>Tr\u012bs komforta l\u012bme\u0146u sist\u0113mas neatkar\u012bgi no cilv\u0113ka vecuma, svara un auguma Ieteikts lieto\u0161anai medic\u012bnas iest\u0101d\u0113s<\/li>\n<li>Matracis nodro\u0161ina ortop\u0113disko un anatomisko efektu<\/li>\n<li>Materi\u0101li ir \u013coti notur\u012bgi pret iespiedumiem un deform\u0101ciju<\/li>\n<li>Matra\u010da vakuumiepakojums<\/li>\n<\/ul>\n<\/div>\n<div class=\"spacer\"><\/div><!-- .spacer (end) -->\n<\/div><\/div><\/div>\n<p>&nbsp;<\/p>\n<\/div><!-- .row (end) -->\n<div class=\"team_wrapper\"><div class=\"team_wrapper_wrap_inner\">\n<section class=\"parallax-box image-parallax-box \" ><div class=\"parallax-content\">\n<div class=\"row \">\n<div class=\"span4 \"><h2>PAR MUMS:<\/h2>\n<div class=\"spacer\"><\/div><!-- .spacer (end) --><\/div>\n<div class=\"span8 \"><p>Komp\u0101nija Alessanderx Spa, kurai pieder MAGNIFLEX z\u012bmols un matra\u010du izgatavo\u0161anas fabrika, ir dibin\u0101ta 1962. gad\u0101. T\u0101s ra\u017eo\u0161anas jaudas atrodas It\u0101lij\u0101, Tosk\u0101nas re\u0123iona pils\u0113t\u0101 Prato (otr\u0101 liel\u0101k\u0101 re\u0123iona pils\u0113ta p\u0113c Florences).<br \/>\nAdrese: 59100 Prato, Via San Leonardo da Porto Maurizio<br \/>\n24\/26\/28 - T\u0101lr. +39 057451011 Fakss +39 0574 5101.235.<br \/>\nhttp:\/\/www.magniflex.com<br \/>\nFabrikas ra\u017eo\u0161anas jaudas \u013cauj izgatavot l\u012bdz 10 000 matra\u010du dien\u0101. MAGNIFLEX ir vair\u0101k nek\u0101 50 gadus ilga pieredze miega un atp\u016btas pre\u010du ra\u017eo\u0161anas jom\u0101. MAGNIFLEX saloni str\u0101d\u0101 vis\u0101s pasaules da\u013c\u0101s: Rietumeirop\u0101, Austrumeirop\u0101, ASV, Kan\u0101d\u0101, Indij\u0101, Jap\u0101n\u0101, \u0136\u012bn\u0101, Austr\u0101lij\u0101, AAE, Izra\u0113l\u0101. Da\u017e\u0101d\u0101m valst\u012bm fabrika izgatavo da\u017e\u0101das matra\u010du l\u012bnijas:<br \/>\nMagniflex \u2013 premium l\u012bnija<br \/>\nPiere Cardin,Tonino Lamborghini \u2013 fashion l\u012bnija<br \/>\nGeoethic Naturally \u2013 eko l\u012bnija<br \/>\nDormir, Relaxsan \u2013 standartl\u012bnija<br \/>\nMaterassi & Materassi \u2013 preces miegam un atp\u016btai<\/p>\n<div class=\"spacer\"><\/div><!-- .spacer (end) --><\/div>\n<\/div><!-- .row (end) -->\n<div class=\"clear\"><\/div><\/div><div class=\"parallax-bg\" data-parallax-type=\"image\" data-img-url=\"http:\/\/magniflex.lt\/wp-content\/uploads\/2016\/12\/bg_pic55.jpg\" data-speed=\"normal\" data-invert=\"false\" data-fullwidth=\"true\"><\/div><\/section>\n<\/div><\/div>\n<div class=\"advantages_wrapper\"><div class=\"advantages_wrapper_wrap_inner\">\n<div class=\"row \">\n<div class=\"span4 \"><h2>M\u016aSU \u0112TIKA:<\/h2>\n<p>M\u016bsu \u0113tikas pamat\u0101 ir r\u016bpes par cilv\u0113ka vesel\u012bbu un ekolo\u0123isku materi\u0101lu izmanto\u0161ana. Izv\u0113loties materi\u0101lus, m\u0113s pielietojam m\u016bsdienu tehnolo\u0123ijas un inov\u0101cijas ekolo\u0123ijas jom\u0101, kuras \u013cauj maksim\u0101li aizsarg\u0101t cilv\u0113ka vesel\u012bbu un apk\u0101rt\u0113jo vidi. Visi materi\u0101li iziet \u013coti stingras p\u0101rbaudes un dro\u0161\u012bbas parametru standartiz\u0101cijas proced\u016bras.<br \/>\n<div class=\"spacer\"><\/div><!-- .spacer (end) --><\/div>\n<div class=\"span8 \"><h2>ATP\u016aTAS FILOSOFIJA:<\/h2>\n<p>Komp\u0101nija MAGNIFLEX pirm\u0101 izstr\u0101d\u0101ja un ieviesa praks\u0113 svar\u012bg\u0101kos m\u016bsdienu miega filozofijas aspektus:<br \/>\n1. Vesel\u012bbu<br \/>\n2. Dro\u0161\u012bbu<br \/>\n3. Komfortu<br \/>\n4. Kvalit\u0101ti<br \/>\n5. Ekolo\u0123iskumu<br \/>\nNep\u0101rtraukti p\u0113t\u012bjumi miega kult\u016bras jom\u0101, k\u0101 ar\u012b m\u016bsdien\u012bgu atp\u016btas meto\u017eu un materi\u0101lu pielieto\u0161ana, \u013cauj mums pied\u0101v\u0101t nevis vienk\u0101r\u0161i matra\u010dus, bet gan veselas<br \/>\nKOMFORTABL\u2002 MIEGA SIST\u0112MAS.<br \/>\nKOMFORTABL\u2002 MIEGA SIST\u0112MU VEIDO mugurkaula ortop\u0113diskais atbalsts apvienojum\u0101 ar anatomisko efektu, izmantoto materi\u0101lu termoregul\u0113jo\u0161o funkciju un augstu komforta l\u012bmeni.<\/p>\n<div class=\"spacer\"><\/div><!-- .spacer (end) --><\/div>\n<\/div><!-- .row (end) -->\n<\/div><\/div>","protected":false},"excerpt":{"rendered":"","protected":false},"author":1,"featured_media":0,"parent":0,"menu_order":1,"comment_status":"open","ping_status":"open","template":"page-fullwidth.php","meta":[],"_links":{"self":[{"href":"http:\/\/magniflex.lv\/lv\/wp-json\/wp\/v2\/pages\/1797"}],"collection":[{"href":"http:\/\/magniflex.lv\/lv\/wp-json\/wp\/v2\/pages"}],"about":[{"href":"http:\/\/magniflex.lv\/lv\/wp-json\/wp\/v2\/types\/page"}],"author":[{"embeddable":true,"href":"http:\/\/magniflex.lv\/lv\/wp-json\/wp\/v2\/users\/1"}],"replies":[{"embeddable":true,"href":"http:\/\/magniflex.lv\/lv\/wp-json\/wp\/v2\/comments?post=1797"}],"version-history":[{"count":14,"href":"http:\/\/magniflex.lv\/lv\/wp-json\/wp\/v2\/pages\/1797\/revisions"}],"predecessor-version":[{"id":2328,"href":"http:\/\/magniflex.lv\/lv\/wp-json\/wp\/v2\/pages\/1797\/revisions\/2328"}],"wp:attachment":[{"href":"http:\/\/magniflex.lv\/lv\/wp-json\/wp\/v2\/media?parent=1797"}],"curies":[{"name":"wp","href":"https:\/\/api.w.org\/{rel}","templated":true}]}}