{"id":203,"date":"2011-09-14T09:45:02","date_gmt":"2011-09-14T09:45:02","guid":{"rendered":"http:\/\/magniflex.lt\/\/"},"modified":"2017-09-27T11:21:33","modified_gmt":"2017-09-27T11:21:33","slug":"home","status":"publish","type":"page","link":"http:\/\/magniflex.lv\/lv\/","title":{"rendered":"Home"},"content":{"rendered":"<div class=\"parallax_wrapper\"><div class=\"parallax_wrapper_wrap_inner\">\n<section class=\"parallax-box video-parallax-box \" ><div class=\"parallax-content\">\n<div class=\"row \">\n<div class=\"span12 \"><h1>Kvalitat\u012bva miega m\u012b\u013cot\u0101jiem!<\/h1>\n<h2>L\u012bderis matra\u010du ra\u017eo\u0161anas jom\u0101!<\/h2>\n<a href=\"shop\" title=\"More\" class=\"btn btn-default btn-normal btn-inline \" target=\"_self\">More<\/a><!-- .btn --><\/div>\n<\/div><!-- .row (end) -->\n<div class=\"clear\"><\/div><\/div><div class=\"parallax-bg\" data-parallax-type=\"video\" data-img-url=\"http:\/\/magniflex.lt\/wp-content\/uploads\/2016\/12\/bg_pic11.jpg\" data-speed=\"none\" data-invert=\"false\" data-mute=\"false\" data-fullwidth=\"true\"><video class=\"parallax_media parallax-bg-inner load\" poster=\"http:\/\/magniflex.lt\/wp-content\/uploads\/2016\/12\/bg_pic11.jpg\" loop><source src=\"http:\/\/magniflex.lt\/wp-content\/uploads\/2016\/12\/video111.mp4\" type=\"video\/mp4\"><source src=\"\" type=\"video\/webm\"><source src=\"\" type=\"video\/ogg\"><\/video><\/div><\/section>\n<\/div><\/div>\n<div class=\"banner_wrapper\"><div class=\"banner_wrapper_wrap_inner\">\n<div class=\"banner-wrap box1\"><a href=\"product-category\/mattress\/\" title=\"<strong>Matra\u010di<\/strong>\"><img src=\"http:\/\/magniflex.lv\/wp-content\/uploads\/2016\/12\/baner111.jpg\" title=\"<strong>Matra\u010di<\/strong>\" alt=\"\" \/><div class=\"caption\"><h5><strong>Matra\u010di<\/strong><\/h5><p>komfortabla miega sist\u0113ma un r\u016bpes par savu vesel\u012bbu un labkl\u0101j\u012bbu<\/p><div class=\"link-align banner-btn\"><span title=\"More\" class=\"btn btn-link\" target=\"_self\">More<\/span><\/div><\/div><\/a><\/figure><\/div><!-- .banner-wrap (end) -->\n<div class=\"banner-wrap box2\"><a href=\"product-category\/pillows\/\" title=\"<strong>Spilveni<\/strong>\"><img src=\"http:\/\/magniflex.lv\/wp-content\/uploads\/2016\/12\/baner22.jpg\" title=\"<strong>Spilveni<\/strong>\" alt=\"\" \/><div class=\"caption\"><h5><strong>Spilveni<\/strong><\/h5><p>ar anatomisko un ortop\u0113disko efektu<\/p><div class=\"link-align banner-btn\"><span title=\"More\" class=\"btn btn-link\" target=\"_self\">More<\/span><\/div><\/div><\/a><\/figure><\/div><!-- .banner-wrap (end) -->\n<div class=\"banner-wrap box3\"><a href=\"product-category\/protectors\/\" title=\"<strong>Virsmatra\u010di<\/strong>\"><img src=\"http:\/\/magniflex.lv\/wp-content\/uploads\/2016\/12\/baner333.jpg\" title=\"<strong>Virsmatra\u010di<\/strong>\" alt=\"\" \/><div class=\"caption\"><h5><strong>Virsmatra\u010di<\/strong><\/h5><p>Komfortabla un higi\u0113niska miega garantija<\/p><div class=\"link-align banner-btn\"><span title=\"More\" class=\"btn btn-link\" target=\"_self\">More<\/span><\/div><\/div><\/a><\/figure><\/div><!-- .banner-wrap (end) -->\n<div class=\"banner-wrap box4\"><a href=\"shop\" title=\"\"><img src=\"http:\/\/magniflex.lv\/wp-content\/uploads\/2017\/09\/akcia.jpg\" title=\"\" alt=\"\" \/><div class=\"caption\"><div class=\"link-align banner-btn\"><span title=\"More\" class=\"btn btn-link\" target=\"_self\">More<\/span><\/div><\/div><\/a><\/figure><\/div><!-- .banner-wrap (end) -->\n<\/div><\/div>\n<div class=\"product_wrapper\"><div class=\"product_wrapper_wrap_inner\">\n<div class=\"row \">\n<div class=\"span12 \"><h2>featured products<\/h2>\n<div class=\"woocommerce columns-4 \"><\/div><\/div>\n<\/div><!-- .row (end) -->\n<\/div><\/div>\n<div class=\"blog_wrapper1\"><div class=\"blog_wrapper1_wrap_inner\">\n<section class=\"parallax-box image-parallax-box \" ><div class=\"parallax-content\">\n<div class=\"row \">\n<div class=\"span12 \"><ul class=\"posts-grid row-fluid unstyled  ul-item-0\"><li class=\"span12 list-item-1\"><div class=\"caption\"><h5><a href=\"http:\/\/magniflex.lv\/lv\/info\/kak-pravilno-vybrat-i-kakim-dolzhen-b\/\" title=\"(\u0420\u0443\u0441\u0441\u043a\u0438\u0439) \u041a\u0430\u043a \u043f\u0440\u0430\u0432\u0438\u043b\u044c\u043d\u043e \u0432\u044b\u0431\u0440\u0430\u0442\u044c \u0438 \u043a\u0430\u043a\u0438\u043c \u0434\u043e\u043b\u0436\u0435\u043d \u0431\u044b\u0442\u044c \u043d\u0430\u043c\u0430\u0442\u0440\u0430\u0441\u043d\u0438\u043a \u0434\u043b\u044f \u043c\u0430\u0442\u0440\u0430\u0441\u0430?\">(\u0420\u0443\u0441\u0441\u043a\u0438\u0439) \u041a\u0430\u043a \u043f\u0440\u0430\u0432\u0438\u043b\u044c\u043d\u043e \u0432\u044b\u0431\u0440\u0430\u0442\u044c \u0438 \u043a\u0430\u043a\u0438\u043c \u0434\u043e\u043b\u0436\u0435\u043d \u0431\u044b\u0442\u044c \u043d\u0430\u043c\u0430\u0442\u0440\u0430\u0441\u043d\u0438\u043a \u0434\u043b\u044f \u043c\u0430\u0442\u0440\u0430\u0441\u0430?<\/a><\/h5><\/div><p class=\"excerpt\">Sorry, this entry is only available in Russian<\/p><a href=\"http:\/\/magniflex.lv\/lv\/info\/kak-pravilno-vybrat-i-kakim-dolzhen-b\/\" class=\"btn btn-primary\" title=\"(\u0420\u0443\u0441\u0441\u043a\u0438\u0439) \u041a\u0430\u043a \u043f\u0440\u0430\u0432\u0438\u043b\u044c\u043d\u043e \u0432\u044b\u0431\u0440\u0430\u0442\u044c \u0438 \u043a\u0430\u043a\u0438\u043c \u0434\u043e\u043b\u0436\u0435\u043d \u0431\u044b\u0442\u044c \u043d\u0430\u043c\u0430\u0442\u0440\u0430\u0441\u043d\u0438\u043a \u0434\u043b\u044f \u043c\u0430\u0442\u0440\u0430\u0441\u0430?\">More<\/a><\/li><\/ul><!-- .posts-grid (end) --><\/div>\n<\/div><!-- .row (end) -->\n<div class=\"clear\"><\/div><\/div><div class=\"parallax-bg\" data-parallax-type=\"image\" data-img-url=\"http:\/\/magniflex.lt\/wp-content\/uploads\/2016\/12\/bg_pic22.jpg\" data-speed=\"normal\" data-invert=\"false\" data-fullwidth=\"true\"><\/div><\/section>\n<\/div><\/div>\n<div class=\"blog_wrapper1\"><div class=\"blog_wrapper1_wrap_inner\">\n<section class=\"parallax-box image-parallax-box \" ><div class=\"parallax-content\">\n<div class=\"row \">\n<div class=\"span12 \"><ul class=\"posts-grid row-fluid unstyled  ul-item-0\"><li class=\"span12 list-item-1\"><div class=\"caption\"><h5><a href=\"http:\/\/magniflex.lv\/lv\/info\/anatomic-effect\/\" title=\"Magniflex matra\u010da anatomiskais efekts\">Magniflex matra\u010da anatomiskais efekts<\/a><\/h5><\/div><p class=\"excerpt\">Matra\u010da sp\u0113ja maksim\u0101li piel\u0101goties gu\u013co\u0161a cilv\u0113ka \u0137erme\u0146a formai,\u00a0k\u0101 ar\u012b samazin\u0101t spiedienu uz t\u0101 \u0137ermeni, lai netiktu trauc\u0113ta asinsrite,\u00a0limfas cirkul\u0101cija un musku\u013cu, loc\u012btavu un iek\u0161\u0113jo org\u0101nu inerv\u0101cija.\u00a0Da\u013c\u0113ja vai piln\u012bga spiediena no\u0146em\u0161ana nov\u0113r\u0161 musku\u013cu stingumu un\u00a0notirpumu, uzlabo asins cirkul\u0101ciju, \u013cauj mier\u012bgi un pilnv\u0113rt\u012bgi atp\u016bsties\u00a0(izgul\u0113ties).<\/p><a href=\"http:\/\/magniflex.lv\/lv\/info\/anatomic-effect\/\" class=\"btn btn-primary\" title=\"Magniflex matra\u010da anatomiskais efekts\">More<\/a><\/li><\/ul><!-- .posts-grid (end) --><\/div>\n<\/div><!-- .row (end) -->\n<div class=\"clear\"><\/div><\/div><div class=\"parallax-bg\" data-parallax-type=\"image\" data-img-url=\"http:\/\/magniflex.lt\/wp-content\/uploads\/2016\/12\/bg_pic44.jpg\" data-speed=\"normal\" data-invert=\"false\" data-fullwidth=\"true\"><\/div><\/section>\n<\/div><\/div>","protected":false},"excerpt":{"rendered":"","protected":false},"author":1,"featured_media":0,"parent":0,"menu_order":0,"comment_status":"open","ping_status":"closed","template":"page-home.php","meta":[],"_links":{"self":[{"href":"http:\/\/magniflex.lv\/lv\/wp-json\/wp\/v2\/pages\/203"}],"collection":[{"href":"http:\/\/magniflex.lv\/lv\/wp-json\/wp\/v2\/pages"}],"about":[{"href":"http:\/\/magniflex.lv\/lv\/wp-json\/wp\/v2\/types\/page"}],"author":[{"embeddable":true,"href":"http:\/\/magniflex.lv\/lv\/wp-json\/wp\/v2\/users\/1"}],"replies":[{"embeddable":true,"href":"http:\/\/magniflex.lv\/lv\/wp-json\/wp\/v2\/comments?post=203"}],"version-history":[{"count":40,"href":"http:\/\/magniflex.lv\/lv\/wp-json\/wp\/v2\/pages\/203\/revisions"}],"predecessor-version":[{"id":2399,"href":"http:\/\/magniflex.lv\/lv\/wp-json\/wp\/v2\/pages\/203\/revisions\/2399"}],"wp:attachment":[{"href":"http:\/\/magniflex.lv\/lv\/wp-json\/wp\/v2\/media?parent=203"}],"curies":[{"name":"wp","href":"https:\/\/api.w.org\/{rel}","templated":true}]}}