{"id":1919,"date":"2013-09-05T12:25:32","date_gmt":"2013-09-05T12:25:32","guid":{"rendered":"http:\/\/192.168.9.40\/_2014\/_04-April\/woocommerce_upd\/?post_type=product&#038;p=1900"},"modified":"2018-03-22T13:23:02","modified_gmt":"2018-03-22T13:23:02","slug":"magni9","status":"publish","type":"product","link":"http:\/\/magniflex.lv\/lv\/product\/magni9\/","title":{"rendered":"MAGNI 9"},"content":{"rendered":"Augsti tehnolo\u0123isku materi\u0101lu matracis, klase: Vid\u0113ja+, ar m\u0113renu komforta\u00a0l\u012bmeni, nodro\u0161ina dabisku mugurkaula st\u0101vokli, iev\u0113rojot visus fiziolo\u0123iskos\u00a0izliekumus (ortop\u0113diskais efekts) neatkar\u012bgi no cilv\u0113ka svara, vecuma un\u00a0auguma. Matra\u010du p\u0101rdo\u0161anas statistikas dati Eirop\u0101 liecina, ka 60% pirc\u0113ju\u00a0izv\u0113las l\u012bdz\u012bgas konstrukcijas matra\u010dus - ne p\u0101r\u0101k cietus, ne p\u0101r\u0101k m\u012bkstus\u00a0\u2013 vienk\u0101r\u0161i \u0113rtus. M\u0113renais anatomiskais un izteiktais ortop\u0113diskais efekts\u00a0apvienojum\u0101 ar p\u0101rvalka termoregul\u0113jo\u0161aj\u0101m \u012bpa\u0161\u012bb\u0101m padara \u0161o matraci\u00a0par ide\u0101lu miega un atp\u016btas komforta sist\u0113mu.<\/p>\n<p>MAGNI 9 matra\u010da pamat\u0101 ir ide\u0101la m\u016bsdienu matra\u010da formula:<\/p>\n<p>\u2022 termoregul\u0113jo\u0161s p\u0101rvalks (Viscosa audums) komfortablam mikroklimatam\u00a0uz matra\u010da virsmas<\/p>\n<p>\u2022 bezatsperu bloks ar ELIOFORM\u00ae ortop\u0113diskaj\u0101m put\u0101m<\/p>\n<p>\u2022 2 cm biez\u0101 matra\u010da p\u0101rvalk\u0101 ie\u0161\u016bt\u0101 MEMOFORM\u00ae materi\u0101la anatomisk\u0101\u00a0k\u0101rta samazina matra\u010da rad\u012bto pretspiedienu un nodro\u0161ina ide\u0101lu\u00a0miegam nepiecie\u0161amo komfortu<\/p>\n<p>\u2022 ELIOFORM\u00ae ortop\u0113disko putu un MEMOFORM\u00ae anatomisko putu\u00a0kombin\u0101cija garant\u0113 ide\u0101lu mugurkaula fiziolo\u0123isko izliekumu st\u0101vokli (jo\u00a0\u012bpa\u0161i jostas da\u013c\u0101) bez liekas ciet\u012bbas<\/p>\n<p>\u2022 Matra\u010da konstrukcija - da\u017e\u0101du materi\u0101lu kombin\u0101cija + p\u0101rvalks ar \u2018\u2019dzi\u013co\u00a0no\u0161uvi\u2019\u2019 sniedz viegla atsper\u012bguma efektu.<\/p>\n<p>\u2022 Matra\u010da apmale no tum\u0161i pel\u0113ka auduma ar Florences logotipu padara\u00a0to piem\u0113rotu gultu re\u017e\u0123iem un karkasiem, tas neb\u016bs viegli nosm\u0113r\u0113jams\u00a0un nobru\u017e\u0101jams<\/p>\n<p>Matra\u010da augstums \u2013 23 cm<\/p>\n<p>Neno\u0146emamais p\u0101rvalks: Viscose termoregul\u0113jo\u0161ais audums Iek\u0161\u0113j\u0101 bloka\u00a0konstrukcija ir analo\u0123iska Naturcomfort bloka konstrukcijai<\/p>\n<p>1. Memoform anatomisk\u0101s putas (ie\u0161\u016btas p\u0101rvalka no vienas puses) \u2013 2 cm<\/p>\n<p>2. Hipoaler\u0123isks termoregul\u0113jo\u0161s pild\u012bjums<\/p>\n<p>3. TNT izol\u0101cijas filtr\u0113jo\u0161s audums<\/p>\n<p>4. Elioform\u00ae komfortabl\u0101 atbalsta ortop\u0113disk\u0101s putas \u2013 18 cm<\/p>\n<p>Maksim\u0101li pie\u013caujam\u0101 slodze: l\u012bdz 160 kg uz vienu gu\u013camvietu<\/p>\n<p><table id=\"table_52131492\" width=\"100%\" class=\"zebra\"><thead><tr><th>platums<\/th><th>garums<\/th><th>Cena, EUR<\/th><\/tr>\r\n    <\/thead>\r\n    <tbody>\r\n\t\r\n\t<script type=\"text\/javascript\" charset=\"utf-8\">\r\n jQuery(document).ready(function() {\r\n    jQuery('#table_52131492').DataTable( {\"destroy\": true,\"bPaginate\": false,\"bLengthChange\": false,\"bFilter\": false,\"bSort\": true,\"bInfo\": false,\"bStateSave\": true,\"bAutoWidth\": true,\"sPaginationType\": \"full_numbers\",\"oLanguage\": {\r\n\t\t\t\"sLengthMenu\": \"Display _MENU_ records per page\",\r\n\t\t\t\"sZeroRecords\": \"Nothing found - sorry\",\r\n\t\t\t\"sInfo\": \"Showing _START_ to _END_ of _TOTAL_ records\",\r\n\t\t\t\"sInfoEmpty\": \"Showing 0 to 0 of 0 records\",\r\n                        \"sSearch\": \"Search: \",\r\n\t\t\t\"sInfoFiltered\": \"(filtered from _MAX_ total records)\"\r\n\t\t}} );\r\n});\r\n <\/script><tr><td>90<\/td><td>190<\/td><td>475<\/td><\/tr><tr><td>120<\/td><td>190<\/td><td>633<\/td><\/tr><tr><td>140<\/td><td>190<\/td><td>738<\/td><\/tr><tr><td>160<\/td><td>190<\/td><td>844<\/td><\/tr><tr><td>80<\/td><td>200<\/td><td>444<\/td><\/tr><tr><td>90<\/td><td>200<\/td><td>500<\/td><\/tr><tr><td>120<\/td><td>200<\/td><td>666<\/td><\/tr><tr><td>140<\/td><td>200<\/td><td>777<\/td><\/tr><tr><td>160<\/td><td>200<\/td><td>888<\/td><\/tr><tr><td>180<\/td><td>200<\/td><td>999<\/td><\/tr><tr><td>200<\/td><td>200<\/td><td>1110<\/td><\/tr>\r\n    <\/tbody>\r\n<\/table>","protected":false},"excerpt":{"rendered":"<p>Komfortabl\u0101 miega sist\u0113ma<\/p>\n","protected":false},"featured_media":2244,"comment_status":"closed","ping_status":"closed","template":"","meta":[],"_links":{"self":[{"href":"http:\/\/magniflex.lv\/lv\/wp-json\/wp\/v2\/product\/1919"}],"collection":[{"href":"http:\/\/magniflex.lv\/lv\/wp-json\/wp\/v2\/product"}],"about":[{"href":"http:\/\/magniflex.lv\/lv\/wp-json\/wp\/v2\/types\/product"}],"replies":[{"embeddable":true,"href":"http:\/\/magniflex.lv\/lv\/wp-json\/wp\/v2\/comments?post=1919"}],"wp:featuredmedia":[{"embeddable":true,"href":"http:\/\/magniflex.lv\/lv\/wp-json\/wp\/v2\/media\/2244"}],"wp:attachment":[{"href":"http:\/\/magniflex.lv\/lv\/wp-json\/wp\/v2\/media?parent=1919"}],"curies":[{"name":"wp","href":"https:\/\/api.w.org\/{rel}","templated":true}]}}