{"id":1920,"date":"2013-09-05T12:27:10","date_gmt":"2013-09-05T12:27:10","guid":{"rendered":"http:\/\/192.168.9.40\/_2014\/_04-April\/woocommerce_upd\/product\/product-2\/"},"modified":"2019-03-21T09:28:38","modified_gmt":"2019-03-21T09:28:38","slug":"relaxsan","status":"publish","type":"product","link":"http:\/\/magniflex.lv\/lv\/product\/relaxsan\/","title":{"rendered":"RELAXSAN ar ortop\u0113disko karkasu"},"content":{"rendered":"Relaxsan\u00ae spilvena strukt\u016bra un materi\u0101li \u013cauj tam \u201celpot\u201d (tie labi lai\u017e\u00a0cauri gaisu, nodro\u0161inot termoregul\u0101cijas procesu) un ilgsto\u0161i saglab\u0101t savu\u00a0s\u0101kotn\u0113jo formu un \u012bpa\u0161\u012bbas.\u00a0Pateicoties ortop\u0113diskajam karkasam, Relaxsan\u00ae iesaka lietot b\u0113rniem,\u00a0k\u0101 ar\u012b cilv\u0113kiem, kuri cie\u0161 no mugurkaula kakla da\u013cas osteohondrozes,\u00a0aler\u0123ijas, un visiem tiem, kam ir svar\u012bgs miega komforts.<\/p>\n<p><strong>Cena: 36 EUR.<\/strong>","protected":false},"excerpt":{"rendered":"<p>Izm\u0113ri: 40*70*h10<\/p>\n<p>Pildviela: fibro\u0161\u0137iedra<\/p>\n<p>P\u0101rvalks: kokvilna<\/p>\n","protected":false},"featured_media":2256,"comment_status":"closed","ping_status":"closed","template":"","meta":[],"_links":{"self":[{"href":"http:\/\/magniflex.lv\/lv\/wp-json\/wp\/v2\/product\/1920"}],"collection":[{"href":"http:\/\/magniflex.lv\/lv\/wp-json\/wp\/v2\/product"}],"about":[{"href":"http:\/\/magniflex.lv\/lv\/wp-json\/wp\/v2\/types\/product"}],"replies":[{"embeddable":true,"href":"http:\/\/magniflex.lv\/lv\/wp-json\/wp\/v2\/comments?post=1920"}],"wp:featuredmedia":[{"embeddable":true,"href":"http:\/\/magniflex.lv\/lv\/wp-json\/wp\/v2\/media\/2256"}],"wp:attachment":[{"href":"http:\/\/magniflex.lv\/lv\/wp-json\/wp\/v2\/media?parent=1920"}],"curies":[{"name":"wp","href":"https:\/\/api.w.org\/{rel}","templated":true}]}}