{"id":1921,"date":"2013-09-05T12:28:28","date_gmt":"2013-09-05T12:28:28","guid":{"rendered":"http:\/\/192.168.9.40\/_2014\/_04-April\/woocommerce_upd\/product\/product-3\/"},"modified":"2019-03-21T09:26:21","modified_gmt":"2019-03-21T09:26:21","slug":"actipur","status":"publish","type":"product","link":"http:\/\/magniflex.lv\/lv\/product\/actipur\/","title":{"rendered":"ACTIPUR"},"content":{"rendered":"Virsmatra\u010da \u0101r\u0113j\u0101 da\u013ca: 100% kokvilna\u00a0\u201dmahra\u201d ar termoregul\u0113jo\u0161aj\u0101m \u012bpa\u0161\u012bb\u0101m.\u00a0Elast\u012bg\u0101 \u201dakvastop\u201d membr\u0101na uz \u016bdens\u00a0pamata ar augstu gaisa caurlaid\u012bbu. \u201dMahra\u201d\u00a0kokvilnai piem\u012bt izteikta kapilarit\u0101te, kas \u013cauj novad\u012bt mitrumu no \u0137erme\u0146a,\u00a0t\u0101d\u0113j\u0101di radot komfortablu mikroklimatu miegam un atp\u016btai. Auduma\u00a0sanit\u0101r\u0101 apstr\u0101de: pie\u0161\u0137ir virsmatracim antimikrobu un pretaler\u0123isko\u00a0aizsardz\u012bbu.<\/p>\n<p><strong>Sast\u0101vs: <\/strong><\/p>\n<p>virsmatra\u010da \u0101r\u0113j\u0101 da\u013ca \u2013 100% kokvilna \u201dmahra\u201d virsmatra\u010da<\/p>\n<p>iek\u0161\u0113j\u0101 da\u013ca - poliuret\u0101na membr\u0101na \u201dakvastop\u201d.<\/p>\n<p><table id=\"table_246671821\" width=\"100%\" class=\"zebra\"><thead><tr><th>platums<\/th><th>garums<\/th><th>vietu skaits<\/th><th>cena, EUR<\/th><\/tr>\r\n    <\/thead>\r\n    <tbody>\r\n\t\r\n\t<script type=\"text\/javascript\" charset=\"utf-8\">\r\n jQuery(document).ready(function() {\r\n    jQuery('#table_246671821').DataTable( {\"destroy\": true,\"bPaginate\": false,\"bLengthChange\": false,\"bFilter\": false,\"bSort\": true,\"bInfo\": false,\"bStateSave\": true,\"bAutoWidth\": true,\"sPaginationType\": \"full_numbers\",\"oLanguage\": {\r\n\t\t\t\"sLengthMenu\": \"Display _MENU_ records per page\",\r\n\t\t\t\"sZeroRecords\": \"Nothing found - sorry\",\r\n\t\t\t\"sInfo\": \"Showing _START_ to _END_ of _TOTAL_ records\",\r\n\t\t\t\"sInfoEmpty\": \"Showing 0 to 0 of 0 records\",\r\n                        \"sSearch\": \"Search: \",\r\n\t\t\t\"sInfoFiltered\": \"(filtered from _MAX_ total records)\"\r\n\t\t}} );\r\n});\r\n <\/script><tr><td>90<\/td><td>200<\/td><td>1<\/td><td>35<\/td><\/tr><tr><td>120<\/td><td>200<\/td><td>1<\/td><td>43<\/td><\/tr><tr><td>140<\/td><td>200<\/td><td>1<\/td><td>47<\/td><\/tr><tr><td>160<\/td><td>200<\/td><td>2<\/td><td>53<\/td><\/tr><tr><td>180<\/td><td>200<\/td><td>2<\/td><td>59<\/td><\/tr><tr><td>200<\/td><td>200<\/td><td>2<\/td><td>65<\/td><\/tr>\r\n    <\/tbody>\r\n<\/table>","protected":false},"excerpt":{"rendered":"<p>\u201dElpojo\u0161s\u201d, mitruma necaurlaid\u012bgs aizsargvirsmatracis\u00a0ar \u201dakvastop\u201d membr\u0101nu.<\/p>\n","protected":false},"featured_media":2257,"comment_status":"closed","ping_status":"closed","template":"","meta":[],"_links":{"self":[{"href":"http:\/\/magniflex.lv\/lv\/wp-json\/wp\/v2\/product\/1921"}],"collection":[{"href":"http:\/\/magniflex.lv\/lv\/wp-json\/wp\/v2\/product"}],"about":[{"href":"http:\/\/magniflex.lv\/lv\/wp-json\/wp\/v2\/types\/product"}],"replies":[{"embeddable":true,"href":"http:\/\/magniflex.lv\/lv\/wp-json\/wp\/v2\/comments?post=1921"}],"wp:featuredmedia":[{"embeddable":true,"href":"http:\/\/magniflex.lv\/lv\/wp-json\/wp\/v2\/media\/2257"}],"wp:attachment":[{"href":"http:\/\/magniflex.lv\/lv\/wp-json\/wp\/v2\/media?parent=1921"}],"curies":[{"name":"wp","href":"https:\/\/api.w.org\/{rel}","templated":true}]}}