{"id":1922,"date":"2013-09-05T12:30:51","date_gmt":"2013-09-05T12:30:51","guid":{"rendered":"http:\/\/192.168.9.40\/_2014\/_04-April\/woocommerce_upd\/product\/product-4\/"},"modified":"2018-03-22T12:58:28","modified_gmt":"2018-03-22T12:58:28","slug":"armonia-dual","status":"publish","type":"product","link":"http:\/\/magniflex.lv\/lv\/product\/armonia-dual\/","title":{"rendered":"ARMONIA DUAL"},"content":{"rendered":"Premium klases KOMFORTABL\u2002 MIEGA SIST\u0112MA ar se\u0161iem komforta\u00a0l\u012bme\u0146iem (cietu, m\u0113renu, ide\u0101lu un 3 kombin\u0113tiem variantiem) \u013cauj\u00a0katram lietot\u0101jam patst\u0101v\u012bgi model\u0113t sava optim\u0101l\u0101 komforta l\u012bmeni.\u00a0Izteikts anatomiskais un ortop\u0113diskais efekts apvienojum\u0101 ar p\u0101rvalka\u00a0termoregul\u0113jo\u0161aj\u0101m \u012bpa\u0161\u012bb\u0101m padara \u0161o matraci par ide\u0101lu miega un\u00a0atp\u016btas komforta sist\u0113mu. Ide\u0101la 4 k\u0101rtu kombin\u0101cija: ergonomika,\u00a0elast\u012bba, \u0113rts atbalsts un anatomisks atsper\u012bgums nodro\u0161ina pat\u0113r\u0113t\u0101jam\u00a0ide\u0101lus komforta parametrus un izcilas ekspluat\u0101cijas \u012bpa\u0161\u012bbas ar iesp\u0113ju\u00a0patst\u0101v\u012bgi model\u0113t savu ide\u0101lo komfortu.<\/p>\n<p>Matra\u010da augstums - 35 cm<\/p>\n<p>No\u0146emamais p\u0101rvalks: Viscose termo\u00ae termoregul\u0113jo\u0161ais audums<\/p>\n<p>1. Super Soft termoregul\u0113jo\u0161\u0101 \u0161\u0137iedra<\/p>\n<p>2. MEMOFORM\u00ae anatomisk\u0101s putas (ie\u0161\u016btas p\u0101rvalk\u0101) - 2 cm<\/p>\n<p>3. Hipoaler\u0123isks termoregul\u0113jo\u0161s pild\u012bjums<\/p>\n<p>4. TNT izol\u0101cijas filtr\u0113jo\u0161s audums<\/p>\n<p>5. \u00abWave\u00bb MEMOFORM\u00ae anatomisk\u0101s putas - 6 cm<\/p>\n<p>6. ELIOFORM\u00ae ortop\u0113disk\u0101s putas - 11 cm<\/p>\n<p>7. ELIOSOFT\u00ae ortop\u0113disk\u0101s putas - 11 cm<\/p>\n<p>Maksim\u0101li pie\u013caujam\u0101 slodze: l\u012bdz 180 kg uz vienu gu\u013camvietu<\/p>\n<p>Matracis Armonia Memoform Dual\u00ae ir rad\u012bts komfortablam miegam un\u00a0nodro\u0161ina maksim\u0101lu anatomisko un ortop\u0113disko efektu. T\u0101 k\u0101 Armonia\u00a0matracis pied\u0101v\u0101 se\u0161us komforta l\u012bme\u0146us (m\u012bkstu, cietu, m\u0113renu un\u00a0kombin\u0113tus), tas b\u016bs piem\u0113rots ikvienam pirc\u0113jam un katrai gaumei.\u00a0P\u0101rvalka izgatavo\u0161an\u0101 tiek pielietota unik\u0101l\u0101 Piazzato\u00ae tehnolo\u0123ija.<\/p>\n<p>Efekt\u012bv\u0101 termoregu\u0113jo\u0161\u0101 p\u0101rvalka apvienojums ar anatomisko komfortu\u00a0un ortop\u0113disko atbalstu, kuru nodro\u0161ina matra\u010da iek\u0161\u0113jais bloks, padara\u00a0Armonia Memoform Dual\u00ae par ide\u0101lu komfortabla un vesel\u012bga miega\u00a0sist\u0113mu.<\/p>\n<p>Matra\u010da iek\u0161pus\u0113 ir iestr\u0101d\u0101ti 2 vienviet\u012bgie bloki, ta\u010du pateicoties p\u0101rvalka\u00a0konstrukcijai bloku savienojuma vieta nav j\u016btama.<\/p>\n<p><table id=\"table_116919590\" width=\"100%\" class=\"zebra\"><thead><tr><th>platums<\/th><th>garums<\/th><th>Cena, EUR<\/th><\/tr>\r\n    <\/thead>\r\n    <tbody>\r\n\t\r\n\t<script type=\"text\/javascript\" charset=\"utf-8\">\r\n jQuery(document).ready(function() {\r\n    jQuery('#table_116919590').DataTable( {\"destroy\": true,\"bPaginate\": false,\"bLengthChange\": false,\"bFilter\": false,\"bSort\": true,\"bInfo\": false,\"bStateSave\": true,\"bAutoWidth\": true,\"sPaginationType\": \"full_numbers\",\"oLanguage\": {\r\n\t\t\t\"sLengthMenu\": \"Display _MENU_ records per page\",\r\n\t\t\t\"sZeroRecords\": \"Nothing found - sorry\",\r\n\t\t\t\"sInfo\": \"Showing _START_ to _END_ of _TOTAL_ records\",\r\n\t\t\t\"sInfoEmpty\": \"Showing 0 to 0 of 0 records\",\r\n                        \"sSearch\": \"Search: \",\r\n\t\t\t\"sInfoFiltered\": \"(filtered from _MAX_ total records)\"\r\n\t\t}} );\r\n});\r\n <\/script><tr><td>160<\/td><td>200<\/td><td>3019<\/td><\/tr><tr><td>180<\/td><td>200<\/td><td>3399<\/td><\/tr><tr><td>200<\/td><td>200<\/td><td>3779<\/td><\/tr>\r\n    <\/tbody>\r\n<\/table>","protected":false},"excerpt":{"rendered":"<p>6 komforta l\u012bme\u0146i.\u00a0Premium collection p\u0101rdo\u0161anas apjomu l\u012bderis<\/p>\n","protected":false},"featured_media":2248,"comment_status":"closed","ping_status":"closed","template":"","meta":[],"_links":{"self":[{"href":"http:\/\/magniflex.lv\/lv\/wp-json\/wp\/v2\/product\/1922"}],"collection":[{"href":"http:\/\/magniflex.lv\/lv\/wp-json\/wp\/v2\/product"}],"about":[{"href":"http:\/\/magniflex.lv\/lv\/wp-json\/wp\/v2\/types\/product"}],"replies":[{"embeddable":true,"href":"http:\/\/magniflex.lv\/lv\/wp-json\/wp\/v2\/comments?post=1922"}],"wp:featuredmedia":[{"embeddable":true,"href":"http:\/\/magniflex.lv\/lv\/wp-json\/wp\/v2\/media\/2248"}],"wp:attachment":[{"href":"http:\/\/magniflex.lv\/lv\/wp-json\/wp\/v2\/media?parent=1922"}],"curies":[{"name":"wp","href":"https:\/\/api.w.org\/{rel}","templated":true}]}}