{"id":1923,"date":"2013-09-05T12:32:02","date_gmt":"2013-09-05T12:32:02","guid":{"rendered":"http:\/\/192.168.9.40\/_2014\/_04-April\/woocommerce_upd\/product\/product-5\/"},"modified":"2018-03-22T12:54:54","modified_gmt":"2018-03-22T12:54:54","slug":"comfort-dual-12","status":"publish","type":"product","link":"http:\/\/magniflex.lv\/lv\/product\/comfort-dual-12\/","title":{"rendered":"COMFORT DUAL 12"},"content":{"rendered":"Augsti tehnolo\u0123isku materi\u0101lu Premium klases matracis ar 3 (cietu, m\u0113renu,\u00a0ide\u0101lu) komforta l\u012bme\u0146iem, \u013cauj katram lietot\u0101jam patst\u0101v\u012bgi model\u0113t sava\u00a0optim\u0101l\u0101 komforta l\u012bmeni. Izteiktais anatomiskais un ortop\u0113diskais efekts\u00a0apvienojum\u0101 ar p\u0101rvalka termoregul\u0113jo\u0161aj\u0101m \u012bpa\u0161\u012bb\u0101m padara \u0161o matraci\u00a0par ide\u0101lu komfortabla miega un atp\u016btas sist\u0113mu.<\/p>\n<p>COMFORT DUAL 12 matra\u010da pamat\u0101 ir ide\u0101la m\u016bsdienu matra\u010da formula:<\/p>\n<p>\u2022 termoregul\u0113jo\u0161s p\u0101rvalks (Outlast audums) optim\u0101lam mikroklimatam uz\u00a0matra\u010da virsmas<\/p>\n<p>\u2022 bezatsperu bloks<\/p>\n<p>\u2022 3 cm bieza anatomiski maksim\u0101li komfortabl\u0101 MEMOFORM\u00ae materi\u0101la\u00a0k\u0101rta bezatsperu bloka \u0101r\u0113j\u0101 da\u013c\u0101 + 2 cm bieza MEMOFORM\u00ae k\u0101rta\u00a0p\u0101rvalk\u0101<\/p>\n<p>\u2022 3 cm bieza Elioform putu un 21 cm bieza Eliosoft putu k\u0101rta ar\u00a0ortop\u0113disko efektu matra\u010da bloka centr\u0101laj\u0101 da\u013c\u0101 nodro\u0161ina m\u0113renu un\u00a0ide\u0101lu mugurkaula fiziolo\u0123isko izliekumu atbalstu (jo \u012bpa\u0161i mugurkaula\u00a0jostas da\u013c\u0101)<\/p>\n<p>\u2022 Matra\u010da konstrukcija - da\u017e\u0101du materi\u0101lu kombin\u0101cija + p\u0101rvalks ar \u2018\u2019dzi\u013co\u00a0no\u0161uvi\u2019\u2019 sniedz viegla atsper\u012bguma efektu.<\/p>\n<p>Matra\u010da augstums \u2013 30 cm.<\/p>\n<p>No\u0146emamais p\u0101rvalks: OUTLAST\u00ae termoregul\u0113jo\u0161ais audums<\/p>\n<p>1. Memoform\u00ae anatomisk\u0101s putas (ie\u0161\u016btas p\u0101rvalk\u0101) \u2013 2 cm<\/p>\n<p>2. Memoform\u00ae anatomisk\u0101s putas \u2013 3 cm<\/p>\n<p>3. ELIOSOFT\u00ae ortop\u0113disk\u0101s putas \u2013 3 cm<\/p>\n<p>4. ELIOFORM\u00ae ortop\u0113disk\u0101s putas \u2013 21 cm<\/p>\n<p>Maksim\u0101l\u0101 noslodze: l\u012bdz 160 kg uz vienu\u00a0gu\u013camvietu<\/p>\n<p>Matracis ir divpus\u0113js, ar 3 komforta\u00a0l\u012bme\u0146iem, viena puse nodro\u0161ina ide\u0101lu\u00a0komfortu, otra - sniedz cietu komfortu, da\u017e\u0101das no\u0146emam\u0101 p\u0101rvalka\u00a0kombin\u0101cijas ar vienu no matra\u010da pus\u0113m \u013cauj sasniegt m\u0113renu komfortu.<\/p>\n<p><table id=\"table_98878389\" width=\"100%\" class=\"zebra\"><thead><tr><th>platums<\/th><th>garums<\/th><th>Cena, EUR<\/th><\/tr>\r\n    <\/thead>\r\n    <tbody>\r\n\t\r\n\t<script type=\"text\/javascript\" charset=\"utf-8\">\r\n jQuery(document).ready(function() {\r\n    jQuery('#table_98878389').DataTable( {\"destroy\": true,\"bPaginate\": false,\"bLengthChange\": false,\"bFilter\": false,\"bSort\": true,\"bInfo\": false,\"bStateSave\": true,\"bAutoWidth\": true,\"sPaginationType\": \"full_numbers\",\"oLanguage\": {\r\n\t\t\t\"sLengthMenu\": \"Display _MENU_ records per page\",\r\n\t\t\t\"sZeroRecords\": \"Nothing found - sorry\",\r\n\t\t\t\"sInfo\": \"Showing _START_ to _END_ of _TOTAL_ records\",\r\n\t\t\t\"sInfoEmpty\": \"Showing 0 to 0 of 0 records\",\r\n                        \"sSearch\": \"Search: \",\r\n\t\t\t\"sInfoFiltered\": \"(filtered from _MAX_ total records)\"\r\n\t\t}} );\r\n});\r\n <\/script><tr><td>160<\/td><td>190<\/td><td>1962<\/td><\/tr><tr><td>160<\/td><td>200<\/td><td>2065<\/td><\/tr><tr><td>180<\/td><td>200<\/td><td>2324<\/td><\/tr>\r\n    <\/tbody>\r\n<\/table>","protected":false},"excerpt":{"rendered":"<p>Individu\u0101lais komforts<\/p>\n","protected":false},"featured_media":2247,"comment_status":"closed","ping_status":"closed","template":"","meta":[],"_links":{"self":[{"href":"http:\/\/magniflex.lv\/lv\/wp-json\/wp\/v2\/product\/1923"}],"collection":[{"href":"http:\/\/magniflex.lv\/lv\/wp-json\/wp\/v2\/product"}],"about":[{"href":"http:\/\/magniflex.lv\/lv\/wp-json\/wp\/v2\/types\/product"}],"replies":[{"embeddable":true,"href":"http:\/\/magniflex.lv\/lv\/wp-json\/wp\/v2\/comments?post=1923"}],"wp:featuredmedia":[{"embeddable":true,"href":"http:\/\/magniflex.lv\/lv\/wp-json\/wp\/v2\/media\/2247"}],"wp:attachment":[{"href":"http:\/\/magniflex.lv\/lv\/wp-json\/wp\/v2\/media?parent=1923"}],"curies":[{"name":"wp","href":"https:\/\/api.w.org\/{rel}","templated":true}]}}