{"id":1924,"date":"2013-09-05T12:33:16","date_gmt":"2013-09-05T12:33:16","guid":{"rendered":"http:\/\/192.168.9.40\/_2014\/_04-April\/woocommerce_upd\/product\/product-6\/"},"modified":"2017-09-26T23:46:57","modified_gmt":"2017-09-26T23:46:57","slug":"memoform-sushi","status":"publish","type":"product","link":"http:\/\/magniflex.lv\/lv\/product\/memoform-sushi\/","title":{"rendered":"MEMOFORM SUSHI"},"content":{"rendered":"Spilvens nodro\u0161ina individu\u0101lu\u00a0komfortu jebkuros apst\u0101k\u013cos \u2013 ce\u013c\u0101,\u00a0m\u0101j\u0101s, atp\u016b\u0161oties. Pateicoties saviem izm\u0113riem un ce\u013cojumu p\u0101rvalkam,\u00a0tas atrad\u012bs vietu jebkur\u0101 mugursom\u0101 un kofer\u012b.<\/p>\n<p><strong>Cena: 105 EUR.<\/strong>","protected":false},"excerpt":{"rendered":"<p>Izm\u0113ri: 44*24*h10<\/p>\n<p>Pildviela: Memoform\u00ae<\/p>\n<p>P\u0101rvalks: Coolmax\u00ae\u00a0termoregul\u0113jo\u0161ais audums<\/p>\n","protected":false},"featured_media":2254,"comment_status":"closed","ping_status":"closed","template":"","meta":[],"_links":{"self":[{"href":"http:\/\/magniflex.lv\/lv\/wp-json\/wp\/v2\/product\/1924"}],"collection":[{"href":"http:\/\/magniflex.lv\/lv\/wp-json\/wp\/v2\/product"}],"about":[{"href":"http:\/\/magniflex.lv\/lv\/wp-json\/wp\/v2\/types\/product"}],"replies":[{"embeddable":true,"href":"http:\/\/magniflex.lv\/lv\/wp-json\/wp\/v2\/comments?post=1924"}],"wp:featuredmedia":[{"embeddable":true,"href":"http:\/\/magniflex.lv\/lv\/wp-json\/wp\/v2\/media\/2254"}],"wp:attachment":[{"href":"http:\/\/magniflex.lv\/lv\/wp-json\/wp\/v2\/media?parent=1924"}],"curies":[{"name":"wp","href":"https:\/\/api.w.org\/{rel}","templated":true}]}}