{"id":1926,"date":"2013-09-05T12:34:08","date_gmt":"2013-09-05T12:34:08","guid":{"rendered":"http:\/\/192.168.9.40\/_2014\/_04-April\/woocommerce_upd\/product\/product-7\/"},"modified":"2019-03-21T09:14:02","modified_gmt":"2019-03-21T09:14:02","slug":"estel","status":"publish","type":"product","link":"http:\/\/magniflex.lv\/lv\/product\/estel\/","title":{"rendered":"ESTEL"},"content":{"rendered":"Virsmatra\u010da \u0101r\u0113j\u0101 da\u013ca: Tensel termoregul\u0113jo\u0161ais\u00a0audums (kokvilna ar eikalipta\u00a0\u0161\u0137iedru piejaukumu) ar augstu kapilarit\u0101ti.\u00a0Elast\u012bga \u201dakvastop\u201d membr\u0101na uz \u016bdens\u00a0pamata ar augstu gaisa caurlaid\u012bbu. Sanit\u0101r\u0101 auduma apstr\u0101de pie\u0161\u0137ir\u00a0virsmatracim antimikrobu un pretaler\u0123isko aizsardz\u012bbu.<\/p>\n<p><strong>Sast\u0101vs: <\/strong><\/p>\n<p>virsmatra\u010da \u0101r\u0113j\u0101 da\u013ca \u2013 Tensel dab\u012bg\u0101 \u0161\u0137iedra virsmatra\u010da iek\u0161\u0113j\u0101<\/p>\n<p>da\u013ca - poliuret\u0101na membr\u0101na \u201cakvastop\u201d.<\/p>\n<p><table id=\"table_224864249\" width=\"100%\" class=\"zebra\"><thead><tr><th>platums<\/th><th>garums<\/th><th>vietu skaits<\/th><th>cena, EUR<\/th><\/tr>\r\n    <\/thead>\r\n    <tbody>\r\n\t\r\n\t<script type=\"text\/javascript\" charset=\"utf-8\">\r\n jQuery(document).ready(function() {\r\n    jQuery('#table_224864249').DataTable( {\"destroy\": true,\"bPaginate\": false,\"bLengthChange\": false,\"bFilter\": false,\"bSort\": true,\"bInfo\": false,\"bStateSave\": true,\"bAutoWidth\": true,\"sPaginationType\": \"full_numbers\",\"oLanguage\": {\r\n\t\t\t\"sLengthMenu\": \"Display _MENU_ records per page\",\r\n\t\t\t\"sZeroRecords\": \"Nothing found - sorry\",\r\n\t\t\t\"sInfo\": \"Showing _START_ to _END_ of _TOTAL_ records\",\r\n\t\t\t\"sInfoEmpty\": \"Showing 0 to 0 of 0 records\",\r\n                        \"sSearch\": \"Search: \",\r\n\t\t\t\"sInfoFiltered\": \"(filtered from _MAX_ total records)\"\r\n\t\t}} );\r\n});\r\n <\/script><tr><td>120<\/td><td>200<\/td><td>1<\/td><td>36<\/td><\/tr><tr><td>140<\/td><td>200<\/td><td>1<\/td><td>39<\/td><\/tr><tr><td>160<\/td><td>200<\/td><td>2<\/td><td>44<\/td><\/tr><tr><td>180<\/td><td>200<\/td><td>2<\/td><td>48<\/td><\/tr><tr><td>200<\/td><td>200<\/td><td>2<\/td><td>52<\/td><\/tr>\r\n    <\/tbody>\r\n<\/table>","protected":false},"excerpt":{"rendered":"<p>\u201dElpojo\u0161s\u201d, mitruma necaurlaid\u012bg aizsargvirsmatracis\u00a0ar \u201dakvastop\u201d membr\u0101nu.<\/p>\n","protected":false},"featured_media":2258,"comment_status":"closed","ping_status":"closed","template":"","meta":[],"_links":{"self":[{"href":"http:\/\/magniflex.lv\/lv\/wp-json\/wp\/v2\/product\/1926"}],"collection":[{"href":"http:\/\/magniflex.lv\/lv\/wp-json\/wp\/v2\/product"}],"about":[{"href":"http:\/\/magniflex.lv\/lv\/wp-json\/wp\/v2\/types\/product"}],"replies":[{"embeddable":true,"href":"http:\/\/magniflex.lv\/lv\/wp-json\/wp\/v2\/comments?post=1926"}],"wp:featuredmedia":[{"embeddable":true,"href":"http:\/\/magniflex.lv\/lv\/wp-json\/wp\/v2\/media\/2258"}],"wp:attachment":[{"href":"http:\/\/magniflex.lv\/lv\/wp-json\/wp\/v2\/media?parent=1926"}],"curies":[{"name":"wp","href":"https:\/\/api.w.org\/{rel}","templated":true}]}}