{"id":1930,"date":"2013-09-05T12:35:20","date_gmt":"2013-09-05T12:35:20","guid":{"rendered":"http:\/\/192.168.9.40\/_2014\/_04-April\/woocommerce_upd\/product\/product-8\/"},"modified":"2017-09-26T23:45:39","modified_gmt":"2017-09-26T23:45:39","slug":"memoform-massage","status":"publish","type":"product","link":"http:\/\/magniflex.lv\/lv\/product\/memoform-massage\/","title":{"rendered":"MEMOFORM Mas\u0101\u017ea"},"content":{"rendered":"Piram\u012bdveida \u201c\u0113rk\u0161\u0137i\u201d spilvena centr\u0101laj\u0101 da\u013c\u0101 pastiprina asinscirkul\u0101ciju\u00a0galvas deni\u0146u da\u013c\u0101. Divi da\u017e\u0101da augstuma \u201cvi\u013c\u0146i\u201d nodro\u0161ina akt\u012bvu\u00a0ergonomiku mugurkaula kakla da\u013cai. Uz iek\u0161pusi ieliekt\u0101 spilvena forma\u00a0sniedz dro\u0161u atbalstu galvai, nov\u0113r\u0161ot nepareizu mugurkaula izliekumu\u00a0ra\u0161an\u0101s iesp\u0113ju.<\/p>\n<p><strong>Cena: 120 EUR.<\/strong>","protected":false},"excerpt":{"rendered":"<p>Izm\u0113ri: 70*39*h11<\/p>\n<p>Pildviela: Memoform\u00ae<\/p>\n<p>P\u0101rvalks: termoregul\u0113jo\u0161ais audums<\/p>\n<p>Ekspluat\u0101cijas laiks: 10 gadi<\/p>\n","protected":false},"featured_media":2252,"comment_status":"closed","ping_status":"closed","template":"","meta":[],"_links":{"self":[{"href":"http:\/\/magniflex.lv\/lv\/wp-json\/wp\/v2\/product\/1930"}],"collection":[{"href":"http:\/\/magniflex.lv\/lv\/wp-json\/wp\/v2\/product"}],"about":[{"href":"http:\/\/magniflex.lv\/lv\/wp-json\/wp\/v2\/types\/product"}],"replies":[{"embeddable":true,"href":"http:\/\/magniflex.lv\/lv\/wp-json\/wp\/v2\/comments?post=1930"}],"wp:featuredmedia":[{"embeddable":true,"href":"http:\/\/magniflex.lv\/lv\/wp-json\/wp\/v2\/media\/2252"}],"wp:attachment":[{"href":"http:\/\/magniflex.lv\/lv\/wp-json\/wp\/v2\/media?parent=1930"}],"curies":[{"name":"wp","href":"https:\/\/api.w.org\/{rel}","templated":true}]}}