{"id":1934,"date":"2013-09-05T12:36:23","date_gmt":"2013-09-05T12:36:23","guid":{"rendered":"http:\/\/192.168.9.40\/_2014\/_04-April\/woocommerce_upd\/product\/product-9\/"},"modified":"2018-03-22T12:50:02","modified_gmt":"2018-03-22T12:50:02","slug":"naturcomfort","status":"publish","type":"product","link":"http:\/\/magniflex.lv\/lv\/product\/naturcomfort\/","title":{"rendered":"NATURCOMFORT"},"content":{"rendered":"Unik\u0101ls matracis, kas rad\u012bts, izmantojot m\u016bsdien\u012bgu \u201ckomfortabl\u0101 miega\u00a0sist\u0113mas\u201d formulu \u2013 Eliosoft\u00ae ciet\u0101s ortop\u0113disk\u0101s putas nodro\u0161ina pareizu\u00a0mugurkaula st\u0101vokli + Memoform\u00ae anatomisko putu k\u0101rta, kas j\u016btami\u00a0samazina matra\u010da rad\u012bto pretspiedienu un ide\u0101li piel\u0101gojas \u0137erme\u0146a\u00a0fiziolo\u0123iskaj\u0101m apris\u0113m.<\/p>\n<p>Eliosoft\u00ae porain\u0101 strukt\u016bra ar augstu gaisa caurlaid\u012bbu izcili klied\u0113 cilv\u0113ka\u00a0\u0137erme\u0146a izdal\u012bto mitrumu. Eliosoft\u00ae putas sast\u0101v no lateksa un ar \u016bdeni\u00a0vulkaniz\u0113tiem divu veidu poliesteriem, viens no tiem nodro\u0161ina komfortablu\u00a0ciet\u012bbu, bet otrs pastiprina anatomisko efektu.\u00a0Ieteicams visiem, kam pat\u012bk ciets ortop\u0113diskais efekts apvienojum\u0101 ar\u00a0komfortu un izteiktu anatomisko balstu.<\/p>\n<p>Matra\u010da augstums \u2013 21 cm<\/p>\n<p>P\u0101rvalks: Lenpur\u00ae termoregul\u0113jo\u0161ais audums<\/p>\n<p>1. MEMOFORM\u00ae anatomisk\u0101s putas (ie\u0161\u016btas p\u0101rvalk\u0101) \u2013 2 cm<\/p>\n<p>2. Hipoaler\u0123isks termoregul\u0113jo\u0161s pild\u012bjums<\/p>\n<p>3. TNT izol\u0101cijas filtr\u0113jo\u0161s audums<\/p>\n<p>4. Eliosoft\u00ae ortop\u0113disk\u0101s putas ar anatomisko efektu \u2013 17 cm<\/p>\n<p>At\u0161\u0137ir\u012bga iez\u012bme: 3 ortop\u0113disk\u0101 atbalsta zonas<\/p>\n<p>Lenpur\u00ae termoregul\u0113jo\u0161ais audums ir patent\u0113ts celulozes materi\u0101ls\u00a0ar koksnes \u0161\u0137iedru piejaukumu. Izteikta kapilarit\u0101te un augsta gaisa\u00a0caurlaid\u012bba \u013cauj efekt\u012bvi ies\u016bkties un iztvaikot cilv\u0113ka \u0137erme\u0146a izdal\u012btajam\u00a0mitrumam, saglab\u0101jot komfortablu mikroklimatu uz matra\u010da virsmas. Pie\u00a0zem\u0101m temperat\u016br\u0101m audums uzkr\u0101j siltumu un silda visu miega laiku \u2013\u00a0\u201ctermove\u013cas efekts\u201d.<\/p>\n<p><table id=\"table_46265870\" width=\"100%\" class=\"zebra\"><thead><tr><th>platums<\/th><th>garums<\/th><th>Cena, EUR<\/th><\/tr>\r\n    <\/thead>\r\n    <tbody>\r\n\t\r\n\t<script type=\"text\/javascript\" charset=\"utf-8\">\r\n jQuery(document).ready(function() {\r\n    jQuery('#table_46265870').DataTable( {\"destroy\": true,\"bPaginate\": false,\"bLengthChange\": false,\"bFilter\": false,\"bSort\": true,\"bInfo\": false,\"bStateSave\": true,\"bAutoWidth\": true,\"sPaginationType\": \"full_numbers\",\"oLanguage\": {\r\n\t\t\t\"sLengthMenu\": \"Display _MENU_ records per page\",\r\n\t\t\t\"sZeroRecords\": \"Nothing found - sorry\",\r\n\t\t\t\"sInfo\": \"Showing _START_ to _END_ of _TOTAL_ records\",\r\n\t\t\t\"sInfoEmpty\": \"Showing 0 to 0 of 0 records\",\r\n                        \"sSearch\": \"Search: \",\r\n\t\t\t\"sInfoFiltered\": \"(filtered from _MAX_ total records)\"\r\n\t\t}} );\r\n});\r\n <\/script><tr><td>80<\/td><td>190<\/td><td>380<\/td><\/tr><tr><td>90<\/td><td>190<\/td><td>427<\/td><\/tr><tr><td>140<\/td><td>190<\/td><td>664<\/td><\/tr><tr><td>160<\/td><td>190<\/td><td>759<\/td><\/tr><tr><td>80<\/td><td>200<\/td><td>400<\/td><\/tr><tr><td>90<\/td><td>200<\/td><td>449<\/td><\/tr><tr><td>120<\/td><td>200<\/td><td>599<\/td><\/tr><tr><td>140<\/td><td>200<\/td><td>699<\/td><\/tr><tr><td>150<\/td><td>200<\/td><td>749<\/td><\/tr><tr><td>160<\/td><td>200<\/td><td>799<\/td><\/tr><tr><td>170<\/td><td>200<\/td><td>849<\/td><\/tr><tr><td>180<\/td><td>200<\/td><td>899<\/td><\/tr><tr><td>200<\/td><td>200<\/td><td>999<\/td><\/tr>\r\n    <\/tbody>\r\n<\/table>","protected":false},"excerpt":{"rendered":"<p>Komfortabl\u0101 miega sist\u0113ma \u2013\u00a0glob\u0101lais p\u0101rdo\u0161anas apjomu l\u012bderis<\/p>\n","protected":false},"featured_media":2243,"comment_status":"closed","ping_status":"closed","template":"","meta":[],"_links":{"self":[{"href":"http:\/\/magniflex.lv\/lv\/wp-json\/wp\/v2\/product\/1934"}],"collection":[{"href":"http:\/\/magniflex.lv\/lv\/wp-json\/wp\/v2\/product"}],"about":[{"href":"http:\/\/magniflex.lv\/lv\/wp-json\/wp\/v2\/types\/product"}],"replies":[{"embeddable":true,"href":"http:\/\/magniflex.lv\/lv\/wp-json\/wp\/v2\/comments?post=1934"}],"wp:featuredmedia":[{"embeddable":true,"href":"http:\/\/magniflex.lv\/lv\/wp-json\/wp\/v2\/media\/2243"}],"wp:attachment":[{"href":"http:\/\/magniflex.lv\/lv\/wp-json\/wp\/v2\/media?parent=1934"}],"curies":[{"name":"wp","href":"https:\/\/api.w.org\/{rel}","templated":true}]}}