{"id":1938,"date":"2013-09-05T12:37:11","date_gmt":"2013-09-05T12:37:11","guid":{"rendered":"http:\/\/192.168.9.40\/_2014\/_04-April\/woocommerce_upd\/product\/product-10\/"},"modified":"2018-03-22T12:47:30","modified_gmt":"2018-03-22T12:47:30","slug":"magnistretch10","status":"publish","type":"product","link":"http:\/\/magniflex.lv\/lv\/product\/magnistretch10\/","title":{"rendered":"MAGNISTRETCH 10"},"content":{"rendered":"Ekskluz\u012bv\u0101 un patent\u0113t\u0101 Magniflex fabrikas un Saragosas Universit\u0101tes\u00a0Meh\u0101nisk\u0101s in\u017eenierijas departamenta izstr\u0101de, kura bija v\u0113rsta uz\u00a0mugurkaula kakla un jostas da\u013cu skrieme\u013cu saspie\u0161anas aspektu izp\u0113ti,\u00a0mudin\u0101ja m\u016bs izgudrot jaunus materi\u0101lus, kuri var\u0113tu izstiepties vienk\u0101r\u0161i\u00a0cilv\u0113ka \u0137erme\u0146a rad\u012bt\u0101 spiediena ietekm\u0113.<\/p>\n<p>Pateicoties matra\u010da blokam, kuru veido sl\u012bp\u0101 le\u0146\u0137\u012b izvietotas sekcijas,\u00a0Stretch sist\u0113ma nodro\u0161ina atsl\u0101bino\u0161u efektu ab\u0101s matra\u010da pus\u0113s \u2013\u00a0dabisk\u0101 veid\u0101 maigi \u201cizstiepjot\u201d muguru un samazinot uz \u0137ermeni v\u0113rsto\u00a0spiedienu neatkar\u012bgi no t\u0101, k\u0101ds ir J\u016bsu \u0137erme\u0146a st\u0101voklis mieg\u0101. Bez\u00a0piep\u016bles, saudz\u012bgi un dabiski MagniStretch matracis atvieglo un no\u0146em\u00a0musku\u013ca spiediena rezult\u0101t\u0101 izrais\u012bt\u0101s muguras s\u0101pes: t\u0101 atsl\u0101bino\u0161ais\u00a0efekts \u013cauj palielin\u0101t att\u0101lumu starp skrieme\u013ciem. liekot \u0137ermenim piln\u012bb\u0101\u00a0izstiepties un veicinot vienm\u0113r\u012bgu svara sadali.<\/p>\n<p>Matra\u010da augstums - 25 cm<\/p>\n<p>No\u0146emamais p\u0101rvalks: OUTLAST\u00ae termoregul\u0113jo\u0161ais audums<\/p>\n<p>1. Memoform\u00ae anatomisk\u0101s putas (ie\u0161\u016btas p\u0101rvalk\u0101) \u2013 2 cm<\/p>\n<p>2. Strech ELIOSOFT\u00ae putas \u2013 5 cm<\/p>\n<p>3. Strech ELIOFORM\u00ae putas \u2013 8,5 cm<\/p>\n<p>4. ELIOFORM\u00ae ortop\u0113disk\u0101s putas \u2013 8,5 cm<\/p>\n<p>Maksim\u0101li pie\u013caujam\u0101 slodze: l\u012bdz 160 kg uz vienu gu\u013camvietu<\/p>\n<p>At\u0161\u0137ir\u012bga iez\u012bme: Ilgsto\u0161a matra\u010da lieto\u0161ana labv\u0113l\u012bgi ietekm\u0113 mugurkaula\u00a0kakla, kr\u016b\u0161u un jostas da\u013cu, nov\u0113r\u0161ot s\u0101pes un miega laik\u0101 nepareiza\u00a0\u0137erme\u0146a un mugurkaula st\u0101vok\u013ca izprovoc\u0113tas s\u0101pju l\u0113kmes.<\/p>\n<p><table id=\"table_71403634\" width=\"100%\" class=\"zebra\"><thead><tr><th>platums<\/th><th>garums<\/th><th>Cena, EUR<\/th><\/tr>\r\n    <\/thead>\r\n    <tbody>\r\n\t\r\n\t<script type=\"text\/javascript\" charset=\"utf-8\">\r\n jQuery(document).ready(function() {\r\n    jQuery('#table_71403634').DataTable( {\"destroy\": true,\"bPaginate\": false,\"bLengthChange\": false,\"bFilter\": false,\"bSort\": true,\"bInfo\": false,\"bStateSave\": true,\"bAutoWidth\": true,\"sPaginationType\": \"full_numbers\",\"oLanguage\": {\r\n\t\t\t\"sLengthMenu\": \"Display _MENU_ records per page\",\r\n\t\t\t\"sZeroRecords\": \"Nothing found - sorry\",\r\n\t\t\t\"sInfo\": \"Showing _START_ to _END_ of _TOTAL_ records\",\r\n\t\t\t\"sInfoEmpty\": \"Showing 0 to 0 of 0 records\",\r\n                        \"sSearch\": \"Search: \",\r\n\t\t\t\"sInfoFiltered\": \"(filtered from _MAX_ total records)\"\r\n\t\t}} );\r\n});\r\n <\/script><tr><td>160<\/td><td>190<\/td><td>1815<\/td><\/tr><tr><td>90<\/td><td>200<\/td><td>1074<\/td><\/tr><tr><td>140<\/td><td>200<\/td><td>1671<\/td><\/tr><tr><td>160<\/td><td>200<\/td><td>1910<\/td><\/tr><tr><td>180<\/td><td>200<\/td><td>2149<\/td><\/tr><tr><td>200<\/td><td>200<\/td><td>2388<\/td><\/tr>\r\n    <\/tbody>\r\n<\/table>","protected":false},"excerpt":{"rendered":"<p>Komfortabl\u0101 miega sist\u0113ma \u2013\u00a0uzvar\u0113t\u0101ja nomin\u0101cij\u0101 \u00abKvalit\u0101te un Inov\u0101cijas\u00bb \u2013\u00a0c\u012bn\u0101s ar osteohondrozes s\u0101p\u0113m mugurkaul\u0101<\/p>\n","protected":false},"featured_media":2246,"comment_status":"closed","ping_status":"closed","template":"","meta":[],"_links":{"self":[{"href":"http:\/\/magniflex.lv\/lv\/wp-json\/wp\/v2\/product\/1938"}],"collection":[{"href":"http:\/\/magniflex.lv\/lv\/wp-json\/wp\/v2\/product"}],"about":[{"href":"http:\/\/magniflex.lv\/lv\/wp-json\/wp\/v2\/types\/product"}],"replies":[{"embeddable":true,"href":"http:\/\/magniflex.lv\/lv\/wp-json\/wp\/v2\/comments?post=1938"}],"wp:featuredmedia":[{"embeddable":true,"href":"http:\/\/magniflex.lv\/lv\/wp-json\/wp\/v2\/media\/2246"}],"wp:attachment":[{"href":"http:\/\/magniflex.lv\/lv\/wp-json\/wp\/v2\/media?parent=1938"}],"curies":[{"name":"wp","href":"https:\/\/api.w.org\/{rel}","templated":true}]}}