{"id":1942,"date":"2013-09-05T12:37:57","date_gmt":"2013-09-05T12:37:57","guid":{"rendered":"http:\/\/192.168.9.40\/_2014\/_04-April\/woocommerce_upd\/product\/product-11\/"},"modified":"2017-09-26T23:44:22","modified_gmt":"2017-09-26T23:44:22","slug":"memofort-wave","status":"publish","type":"product","link":"http:\/\/magniflex.lv\/lv\/product\/memofort-wave\/","title":{"rendered":"MEMOFORM Vilnis"},"content":{"rendered":"Anatomisks spilvens ar akt\u012bvu\u00a0ergonomiku un iek\u0161\u0113jo atbalsta strukt\u016bru nodro\u0161ina maksim\u0101li dabisku\u00a0mugurkaula kakla da\u013cas st\u0101vokli miega un atp\u016btas laik\u0101. Da\u017e\u0101da augstuma\u00a0\u201cvi\u013c\u0146i\u201d \u013cauj izv\u0113l\u0113ties optim\u0101lu komfortu, gu\u013cot uz s\u0101niem vai muguras. Galvas\u00a0novietojums spilvena centr\u0101 \u013cauj izvair\u012bties no nev\u0113lamiem mugurkaula\u00a0izliekumiem.<\/p>\n<p><strong>\u0421ena: 120 EUR.<\/strong>","protected":false},"excerpt":{"rendered":"<p>Izm\u0113ri: 60*43*h11\/10<\/p>\n<p>Pildviela: Memoform\u00ae<\/p>\n<p>P\u0101rvalks: Coolmax\u00ae termoregul\u0113jo\u0161ais\u00a0audums<\/p>\n<p>Ekspluat\u0101cijas laiks: 10 gadi<\/p>\n","protected":false},"featured_media":2255,"comment_status":"closed","ping_status":"closed","template":"","meta":[],"_links":{"self":[{"href":"http:\/\/magniflex.lv\/lv\/wp-json\/wp\/v2\/product\/1942"}],"collection":[{"href":"http:\/\/magniflex.lv\/lv\/wp-json\/wp\/v2\/product"}],"about":[{"href":"http:\/\/magniflex.lv\/lv\/wp-json\/wp\/v2\/types\/product"}],"replies":[{"embeddable":true,"href":"http:\/\/magniflex.lv\/lv\/wp-json\/wp\/v2\/comments?post=1942"}],"wp:featuredmedia":[{"embeddable":true,"href":"http:\/\/magniflex.lv\/lv\/wp-json\/wp\/v2\/media\/2255"}],"wp:attachment":[{"href":"http:\/\/magniflex.lv\/lv\/wp-json\/wp\/v2\/media?parent=1942"}],"curies":[{"name":"wp","href":"https:\/\/api.w.org\/{rel}","templated":true}]}}