{"id":1946,"date":"2013-09-05T12:38:51","date_gmt":"2013-09-05T12:38:51","guid":{"rendered":"http:\/\/192.168.9.40\/_2014\/_04-April\/woocommerce_upd\/product\/product-12\/"},"modified":"2018-03-22T12:44:35","modified_gmt":"2018-03-22T12:44:35","slug":"memorex-rest","status":"publish","type":"product","link":"http:\/\/magniflex.lv\/lv\/product\/memorex-rest\/","title":{"rendered":"MEMOREX REST"},"content":{"rendered":"\u2022 Anatomisk\u0101s putas Memorex nodro\u0161ina \u0113rtu mugurkaula atbalstu bez\u00a0lieka spiediena, kas ir \u013coti nepiecie\u0161ams mugurkaula jostas da\u013cai.<\/p>\n<p>\u2022 Nodro\u0161ina pareizu mugurkaula st\u0101vokli neatkar\u012bgi no cilv\u0113ka svara un\u00a0auguma<\/p>\n<p>\u2022 Ortop\u0113diskais efekts apvienojum\u0101 ar ide\u0101lu komfortu<\/p>\n<p>\u2022 Izcil\u0101s ekspluat\u0101cijas \u012bpa\u0161\u012bbas pie\u013cauj augstu noslodzi katrai atsevi\u0161\u0137ai\u00a0gu\u013camvietai<\/p>\n<p>\u2022 Veicina pareizu st\u0101ju un kori\u0123\u0113 balsta un kust\u012bbas apar\u0101tu<\/p>\n<p>\u2022 Eliocell\u00ae ortop\u0113disk\u0101s putas \u2013 gaisa caurlaid\u012bgs elast\u012bgs materi\u0101ls ar\u00a0mikroporainu strukt\u016bru<\/p>\n<p>Matra\u010da augstums \u2013 17 cm<\/p>\n<p>Pie\u013caujam\u0101 slodze uz vienu gu\u013camvietu \u2013 l\u012bdz 120 kg<\/p>\n<p><strong>Sast\u0101vs<\/strong><\/p>\n<p>1. Hipoaler\u0123iska termoregul\u0113jo\u0161a membr\u0101na<\/p>\n<p>2. Memorex\u00ae porain\u0101s anatomisk\u0101s putas (ie\u0161\u016btas p\u0101rvalk\u0101) - ide\u0101lam\u00a0komfortam un matra\u010da rad\u012bt\u0101 pretspiediena nov\u0113r\u0161anai<\/p>\n<p>3. TNT izol\u0101cijas audums \u2013 papildu izol\u0101cija un bloka aizsardz\u012bba pret\u00a0putek\u013ciem.<\/p>\n<p>4. Eliocell\u00ae ortop\u0113disko putu monobloks \u2013 gaisa caurlaid\u012bgas putas\u00a0ar mikroporainu strukt\u016bru, kurai piem\u012bt plastiskums un elast\u012bba.<\/p>\n<p>Eliocell\u00aeputas ir notur\u012bgas pret iespiedumiem un deform\u0101ciju.\u00a0Nodro\u0161ina ide\u0101lu ortop\u0113disko atbalstu mugurkaulam miega un atp\u016btas\u00a0laik\u0101. Matracis nodro\u0161ina fiziolo\u0123iski maksim\u0101li pareizu (S veida)\u00a0mugurkaula st\u0101vokli, iev\u0113rojot t\u0101 dabiskos izliekumus, k\u0101 ar\u012b sniedz tam\u00a0optim\u0101lu atbalstu \u2013 jo \u012bpa\u0161i jostas da\u013c\u0101. Mugurkaula dabisko izliekumu\u00a0nodro\u0161in\u0101\u0161ana \u013cauj veidot pareizu st\u0101ju b\u0113rniem un pusaud\u017eiem un att\u012bst\u012bt\u00a0balsta un kust\u012bbas apar\u0101tu.<\/p>\n<p>Eliocell\u00ae ortop\u0113disk\u0101s putas ir \u013coti notur\u012bgas pret iespiedumiem un\u00a0deform\u0101ciju, un tas garant\u0113 cilv\u0113ka mugurkaulam maksim\u0101lu ortop\u0113disko\u00a0efektu neatkar\u012bgi no vi\u0146a svara un auguma.<\/p>\n<p><table id=\"table_23618096\" width=\"100%\" class=\"zebra\"><thead><tr><th>platums<\/th><th>garums<\/th><th>Cena, EUR<\/th><\/tr>\r\n    <\/thead>\r\n    <tbody>\r\n\t\r\n\t<script type=\"text\/javascript\" charset=\"utf-8\">\r\n jQuery(document).ready(function() {\r\n    jQuery('#table_23618096').DataTable( {\"destroy\": true,\"bPaginate\": false,\"bLengthChange\": false,\"bFilter\": false,\"bSort\": true,\"bInfo\": false,\"bStateSave\": true,\"bAutoWidth\": true,\"sPaginationType\": \"full_numbers\",\"oLanguage\": {\r\n\t\t\t\"sLengthMenu\": \"Display _MENU_ records per page\",\r\n\t\t\t\"sZeroRecords\": \"Nothing found - sorry\",\r\n\t\t\t\"sInfo\": \"Showing _START_ to _END_ of _TOTAL_ records\",\r\n\t\t\t\"sInfoEmpty\": \"Showing 0 to 0 of 0 records\",\r\n                        \"sSearch\": \"Search: \",\r\n\t\t\t\"sInfoFiltered\": \"(filtered from _MAX_ total records)\"\r\n\t\t}} );\r\n});\r\n <\/script><tr><td>80<\/td><td>190<\/td><td>232<\/td><\/tr><tr><td>90<\/td><td>190<\/td><td>261<\/td><\/tr><tr><td>120<\/td><td>190<\/td><td>348<\/td><\/tr><tr><td>140<\/td><td>190<\/td><td>406<\/td><\/tr><tr><td>160<\/td><td>190<\/td><td>464<\/td><\/tr><tr><td>80<\/td><td>200<\/td><td>244<\/td><\/tr><tr><td>90<\/td><td>200<\/td><td>275<\/td><\/tr><tr><td>120<\/td><td>200<\/td><td>366<\/td><\/tr><tr><td>140<\/td><td>200<\/td><td>427<\/td><\/tr><tr><td>160<\/td><td>200<\/td><td>488<\/td><\/tr><tr><td>180<\/td><td>200<\/td><td>549<\/td><\/tr>\r\n    <\/tbody>\r\n<\/table>","protected":false},"excerpt":{"rendered":"<p>Divpus\u0113js bezatsperu matracis nodro\u0161ina\u00a0\u0113rtu ortop\u0113disko atbalstu mugurkaulam<\/p>\n","protected":false},"featured_media":2242,"comment_status":"closed","ping_status":"closed","template":"","meta":[],"_links":{"self":[{"href":"http:\/\/magniflex.lv\/lv\/wp-json\/wp\/v2\/product\/1946"}],"collection":[{"href":"http:\/\/magniflex.lv\/lv\/wp-json\/wp\/v2\/product"}],"about":[{"href":"http:\/\/magniflex.lv\/lv\/wp-json\/wp\/v2\/types\/product"}],"replies":[{"embeddable":true,"href":"http:\/\/magniflex.lv\/lv\/wp-json\/wp\/v2\/comments?post=1946"}],"wp:featuredmedia":[{"embeddable":true,"href":"http:\/\/magniflex.lv\/lv\/wp-json\/wp\/v2\/media\/2242"}],"wp:attachment":[{"href":"http:\/\/magniflex.lv\/lv\/wp-json\/wp\/v2\/media?parent=1946"}],"curies":[{"name":"wp","href":"https:\/\/api.w.org\/{rel}","templated":true}]}}