{"id":1950,"date":"2013-09-05T12:39:27","date_gmt":"2013-09-05T12:39:27","guid":{"rendered":"http:\/\/192.168.9.40\/_2014\/_04-April\/woocommerce_upd\/product\/product-13\/"},"modified":"2025-12-11T01:42:28","modified_gmt":"2025-12-11T01:42:28","slug":"memoform-comfort","status":"publish","type":"product","link":"http:\/\/magniflex.lv\/lv\/product\/memoform-comfort\/","title":{"rendered":"MEMOFORM Komforts"},"content":{"rendered":"Anatomiski komfortabls spilvens ar izteiktu valn\u012bti kakla da\u013cai, cilv\u0113kiem,\u00a0kuriem pat\u012bk gul\u0113t bez spilvena. Nodro\u0161ina pareizu mugurkaula kakla da\u013cas\u00a0fiks\u0101ciju bez lieka spiediena.<\/p>\n<p><strong>Cena: 140 EUR.<\/strong>","protected":false},"excerpt":{"rendered":"<p>Izm\u0113ri: 52*32*h16<\/p>\n<p>Pildviela: Memoform\u00ae<\/p>\n<p>P\u0101rvalks: Coolmax\u00ae termoregul\u0113jo\u0161ais\u00a0audums<\/p>\n<p>Ekspluat\u0101cijas laiks: 10 gadi<\/p>\n","protected":false},"featured_media":2251,"comment_status":"closed","ping_status":"closed","template":"","meta":[],"_links":{"self":[{"href":"http:\/\/magniflex.lv\/lv\/wp-json\/wp\/v2\/product\/1950"}],"collection":[{"href":"http:\/\/magniflex.lv\/lv\/wp-json\/wp\/v2\/product"}],"about":[{"href":"http:\/\/magniflex.lv\/lv\/wp-json\/wp\/v2\/types\/product"}],"replies":[{"embeddable":true,"href":"http:\/\/magniflex.lv\/lv\/wp-json\/wp\/v2\/comments?post=1950"}],"wp:featuredmedia":[{"embeddable":true,"href":"http:\/\/magniflex.lv\/lv\/wp-json\/wp\/v2\/media\/2251"}],"wp:attachment":[{"href":"http:\/\/magniflex.lv\/lv\/wp-json\/wp\/v2\/media?parent=1950"}],"curies":[{"name":"wp","href":"https:\/\/api.w.org\/{rel}","templated":true}]}}