{"id":1954,"date":"2013-09-05T12:40:17","date_gmt":"2013-09-05T12:40:17","guid":{"rendered":"http:\/\/192.168.9.40\/_2014\/_04-April\/woocommerce_upd\/product\/product-14\/"},"modified":"2018-03-22T12:41:16","modified_gmt":"2018-03-22T12:41:16","slug":"fresh-touch","status":"publish","type":"product","link":"http:\/\/magniflex.lv\/lv\/product\/fresh-touch\/","title":{"rendered":"FRESH TOUCH"},"content":{"rendered":"Augsti tehnolo\u0123isku materi\u0101lu Premium klases pa\u0161model\u0113jo\u0161ais matracis\u00a0piel\u0101gojas cilv\u0113ka \u0137erme\u0146a fiziolo\u0123iskajiem izliekumiem. Izgatavots\u00a0no inovat\u012bviem materi\u0101liem, pielietojot \u00abWave\u00bb tehnolo\u0123iju. Nodro\u0161ina\u00a0maksim\u0101lu komfortu, izteiktu anatomisko un ortop\u0113disko efektu, k\u0101 ar\u012b\u00a0rada miegam ide\u0101li piem\u0113rotu mikroklimatu uz matra\u010da virsmas.<\/p>\n<p>Ar \u00abWave\u00bb tehnolo\u0123ijas pielietojumu izgatavotajam matra\u010da iek\u0161\u0113jam\u00a0blokam ir 7 ergonomisk\u0101s zonas.\u00a0\u00abWave\u00bb tehnolo\u0123ija pie\u0161\u0137ir matracim nep\u0101rsp\u0113jamu ergonomiskumu,\u00a0\u013caujot Jums (neatkar\u012bgi no svara un vecuma) maksim\u0101li \u0113rti novietot savu\u00a0\u0137ermeni miega laik\u0101. Memoform \u00abWave\u00bb nodro\u0161ina maksim\u0101lu anatomisko\u00a0efektu visliel\u0101k\u0101 spiediena zon\u0101s. Visbiez\u0101k\u0101s Memoform k\u0101rtas atrodas\u00a0visliel\u0101kajai slodzei pak\u013cautaj\u0101s viet\u0101s (mugura, iegurnis, apak\u0161stilbi).<\/p>\n<p>\u00abWave\u00bb tehnolo\u0123ija \u013cauj novietot gulo\u0161a cilv\u0113ka k\u0101jas nedaudz piepacelt\u0101\u00a0st\u0101vokl\u012b (no ce\u013ca loc\u012btavas un zem\u0101k), nodro\u0161inot optim\u0101lu asins un\u00a0limfas atteci un padarot J\u016bsu miegu maksim\u0101li komfortablu. ELIOFORM\u00ae\u00a0un ELIOSOFT\u00ae ortop\u0113disk\u0101s putas nodro\u0161ina J\u016bsu \u0137ermenim ide\u0101lu\u00a0ortop\u0113disko atbalstu, iev\u0113rojot mugurkaula fiziolo\u0123iskos izliekumus.<\/p>\n<p>Matra\u010da augstums \u2013 21 cm<\/p>\n<p>No\u0146emamais p\u0101rvalks: OUTLAST\u00ae termoregul\u0113jo\u0161ais audums<\/p>\n<p>1. Termoregul\u0113jo\u0161s hipoaler\u0123isks materi\u0101ls<\/p>\n<p>2. MEMOFORM\u00ae anatomisk\u0101 putas (ie\u0161\u016btas p\u0101rvalk\u0101) \u2013 2 cm<\/p>\n<p>3. \u00abWave\u00bb MEMOFORM\u00ae anatomisk\u0101s putas \u2013 3-6 cm<\/p>\n<p>4. \u00abWave\u00bb ELIOFORM\u00ae ortop\u0113disk\u0101s putas \u2013 6 cm<\/p>\n<p>5. \u00abWave\u00bb ELIOFORM\u00ae ortop\u0113disk\u0101s putas \u2013 6 cm<\/p>\n<p>Maksim\u0101li pie\u013caujam\u0101 slodze: l\u012bdz 180 kg uz vienu gu\u013camvietu<\/p>\n<p>At\u0161\u0137ir\u012bga iez\u012bme: izgul\u0113jumu profilakse<\/p>\n<p><table id=\"table_141761170\" width=\"100%\" class=\"zebra\"><thead><tr><th>platums<\/th><th>garums<\/th><th>Cena, EUR<\/th><\/tr>\r\n    <\/thead>\r\n    <tbody>\r\n\t\r\n\t<script type=\"text\/javascript\" charset=\"utf-8\">\r\n jQuery(document).ready(function() {\r\n    jQuery('#table_141761170').DataTable( {\"destroy\": true,\"bPaginate\": false,\"bLengthChange\": false,\"bFilter\": false,\"bSort\": true,\"bInfo\": false,\"bStateSave\": true,\"bAutoWidth\": true,\"sPaginationType\": \"full_numbers\",\"oLanguage\": {\r\n\t\t\t\"sLengthMenu\": \"Display _MENU_ records per page\",\r\n\t\t\t\"sZeroRecords\": \"Nothing found - sorry\",\r\n\t\t\t\"sInfo\": \"Showing _START_ to _END_ of _TOTAL_ records\",\r\n\t\t\t\"sInfoEmpty\": \"Showing 0 to 0 of 0 records\",\r\n                        \"sSearch\": \"Search: \",\r\n\t\t\t\"sInfoFiltered\": \"(filtered from _MAX_ total records)\"\r\n\t\t}} );\r\n});\r\n <\/script><tr><td>80<\/td><td>190<\/td><td>802<\/td><\/tr><tr><td>90<\/td><td>190<\/td><td>902<\/td><\/tr><tr><td>90<\/td><td>200<\/td><td>950<\/td><\/tr><tr><td>120<\/td><td>200<\/td><td>1266<\/td><\/tr><tr><td>140<\/td><td>200<\/td><td>1477<\/td><\/tr><tr><td>150<\/td><td>200<\/td><td>1583<\/td><\/tr><tr><td>170<\/td><td>200<\/td><td>1794<\/td><\/tr><tr><td>200<\/td><td>200<\/td><td>2110<\/td><\/tr><tr><td>200<\/td><td>210<\/td><td>2216<\/td><\/tr><tr><td>200<\/td><td>220<\/td><td>2321<\/td><\/tr>\r\n    <\/tbody>\r\n<\/table>","protected":false},"excerpt":{"rendered":"<p>Kosmisk\u0101s tehnolo\u0123ijas J\u016bsu gu\u013camistab\u0101<\/p>\n","protected":false},"featured_media":2245,"comment_status":"closed","ping_status":"closed","template":"","meta":[],"_links":{"self":[{"href":"http:\/\/magniflex.lv\/lv\/wp-json\/wp\/v2\/product\/1954"}],"collection":[{"href":"http:\/\/magniflex.lv\/lv\/wp-json\/wp\/v2\/product"}],"about":[{"href":"http:\/\/magniflex.lv\/lv\/wp-json\/wp\/v2\/types\/product"}],"replies":[{"embeddable":true,"href":"http:\/\/magniflex.lv\/lv\/wp-json\/wp\/v2\/comments?post=1954"}],"wp:featuredmedia":[{"embeddable":true,"href":"http:\/\/magniflex.lv\/lv\/wp-json\/wp\/v2\/media\/2245"}],"wp:attachment":[{"href":"http:\/\/magniflex.lv\/lv\/wp-json\/wp\/v2\/media?parent=1954"}],"curies":[{"name":"wp","href":"https:\/\/api.w.org\/{rel}","templated":true}]}}