{"id":1958,"date":"2013-09-05T12:41:04","date_gmt":"2013-09-05T12:41:04","guid":{"rendered":"http:\/\/192.168.9.40\/_2014\/_04-April\/woocommerce_upd\/product\/product-15\/"},"modified":"2019-03-21T09:29:51","modified_gmt":"2019-03-21T09:29:51","slug":"memoform-std","status":"publish","type":"product","link":"http:\/\/magniflex.lv\/lv\/product\/memoform-std\/","title":{"rendered":"MEMOFORM Standarts"},"content":{"rendered":"Klasiskas formas anatomisks spilvens ar pas\u012bvu ergonomiku mugurkaula\u00a0kakla da\u013cai. No\u0146em matra\u010da rad\u012bto pretspiedienu, nodro\u0161ina pareizu asins\u00a0un limfas cirkul\u0101ciju galvas deni\u0146u un pakau\u0161a da\u013c\u0101. Spilvena centr\u0101laj\u0101\u00a0da\u013c\u0101 iestr\u0101d\u0101t\u0101 perfor\u0101cija (atveres) nodro\u0161ina augstu gaisa caurlaid\u012bbu un\u00a0\u013cauj \u0101tri novad\u012bt siltumu un mitrumu.<\/p>\n<p><strong>\u0421ena: 140 EUR.<\/strong>","protected":false},"excerpt":{"rendered":"<p>Izm\u0113ri: 72*42*h12<\/p>\n<p>Pildviela: Memoform\u00ae<\/p>\n<p>P\u0101rvalks: Coolmax\u00ae termoregul\u0113jo\u0161ais\u00a0audums<\/p>\n<p>Ekspluat\u0101cijas laiks: 10 gadi<\/p>\n","protected":false},"featured_media":2253,"comment_status":"closed","ping_status":"closed","template":"","meta":[],"_links":{"self":[{"href":"http:\/\/magniflex.lv\/lv\/wp-json\/wp\/v2\/product\/1958"}],"collection":[{"href":"http:\/\/magniflex.lv\/lv\/wp-json\/wp\/v2\/product"}],"about":[{"href":"http:\/\/magniflex.lv\/lv\/wp-json\/wp\/v2\/types\/product"}],"replies":[{"embeddable":true,"href":"http:\/\/magniflex.lv\/lv\/wp-json\/wp\/v2\/comments?post=1958"}],"wp:featuredmedia":[{"embeddable":true,"href":"http:\/\/magniflex.lv\/lv\/wp-json\/wp\/v2\/media\/2253"}],"wp:attachment":[{"href":"http:\/\/magniflex.lv\/lv\/wp-json\/wp\/v2\/media?parent=1958"}],"curies":[{"name":"wp","href":"https:\/\/api.w.org\/{rel}","templated":true}]}}