{"id":2262,"date":"2016-12-07T17:11:15","date_gmt":"2016-12-07T17:11:15","guid":{"rendered":"http:\/\/magniflex.lt\/?post_type=product&#038;p=2262"},"modified":"2017-09-26T23:39:51","modified_gmt":"2017-09-26T23:39:51","slug":"kamasana-viscoelastic-70","status":"publish","type":"product","link":"http:\/\/magniflex.lv\/lv\/product\/kamasana-viscoelastic-70\/","title":{"rendered":"KAMASANA Viscoelastic 70"},"content":{"rendered":"Klasiskas formas spilvens ar ortop\u0113disko\u00a0un anatomisko efektu. \u013bauj no\u0146emt\u00a0musku\u013cu spriedzi, kakla skrieme\u013ci atrodas sav\u0101 dabiskaj\u0101 st\u0101vokl\u012b, nav\u00a0saspiesti<\/p>\n<p><strong>\u0421ena: 80 EUR.<\/strong>","protected":false},"excerpt":{"rendered":"<p>Izm\u0113ri: 70*40*h11<\/p>\n<p>Pildviela: Viskoelastic PU<\/p>\n<p>P\u0101rvalks: BIO termoregul\u0113jo\u0161ais audums<\/p>\n<p>Ekspluat\u0101cijas laiks: 8 gadi<\/p>\n","protected":false},"featured_media":2249,"comment_status":"closed","ping_status":"closed","template":"","meta":[],"_links":{"self":[{"href":"http:\/\/magniflex.lv\/lv\/wp-json\/wp\/v2\/product\/2262"}],"collection":[{"href":"http:\/\/magniflex.lv\/lv\/wp-json\/wp\/v2\/product"}],"about":[{"href":"http:\/\/magniflex.lv\/lv\/wp-json\/wp\/v2\/types\/product"}],"replies":[{"embeddable":true,"href":"http:\/\/magniflex.lv\/lv\/wp-json\/wp\/v2\/comments?post=2262"}],"wp:featuredmedia":[{"embeddable":true,"href":"http:\/\/magniflex.lv\/lv\/wp-json\/wp\/v2\/media\/2249"}],"wp:attachment":[{"href":"http:\/\/magniflex.lv\/lv\/wp-json\/wp\/v2\/media?parent=2262"}],"curies":[{"name":"wp","href":"https:\/\/api.w.org\/{rel}","templated":true}]}}