{"id":2263,"date":"2016-12-07T17:13:10","date_gmt":"2016-12-07T17:13:10","guid":{"rendered":"http:\/\/magniflex.lt\/?post_type=product&#038;p=2263"},"modified":"2017-09-26T23:37:52","modified_gmt":"2017-09-26T23:37:52","slug":"kamasana-viscoelastic-150","status":"publish","type":"product","link":"http:\/\/magniflex.lv\/lv\/product\/kamasana-viscoelastic-150\/","title":{"rendered":"KAMASANA Viscoelastic 150"},"content":{"rendered":"\u201c\u0122imenes\u201d spilvens, \u0113rti lietojams\u00a0k\u0101 papildspilvens divviet\u012bgai gultai, k\u0101 ar\u012b d\u012bv\u0101niem liel\u0101kam ies\u0113\u0161an\u0101s\u00a0augstumam.<\/p>\n<p><strong>Cena: 160\u00a0EUR<\/strong>","protected":false},"excerpt":{"rendered":"<p>Izm\u0113ri: 70*40*h11<\/p>\n<p>Pildviela: Viskoelastic PU<\/p>\n<p>P\u0101rvalks: BIO termoregul\u0113jo\u0161ais\u00a0audums<\/p>\n<p>Ekspluat\u0101cijas laiks: 8 gadi<\/p>\n","protected":false},"featured_media":2250,"comment_status":"closed","ping_status":"closed","template":"","meta":[],"_links":{"self":[{"href":"http:\/\/magniflex.lv\/lv\/wp-json\/wp\/v2\/product\/2263"}],"collection":[{"href":"http:\/\/magniflex.lv\/lv\/wp-json\/wp\/v2\/product"}],"about":[{"href":"http:\/\/magniflex.lv\/lv\/wp-json\/wp\/v2\/types\/product"}],"replies":[{"embeddable":true,"href":"http:\/\/magniflex.lv\/lv\/wp-json\/wp\/v2\/comments?post=2263"}],"wp:featuredmedia":[{"embeddable":true,"href":"http:\/\/magniflex.lv\/lv\/wp-json\/wp\/v2\/media\/2250"}],"wp:attachment":[{"href":"http:\/\/magniflex.lv\/lv\/wp-json\/wp\/v2\/media?parent=2263"}],"curies":[{"name":"wp","href":"https:\/\/api.w.org\/{rel}","templated":true}]}}