{"id":2264,"date":"2016-12-07T17:25:36","date_gmt":"2016-12-07T17:25:36","guid":{"rendered":"http:\/\/magniflex.lt\/?post_type=product&#038;p=2264"},"modified":"2018-03-22T13:34:31","modified_gmt":"2018-03-22T13:34:31","slug":"freshco-3d-pu","status":"publish","type":"product","link":"http:\/\/magniflex.lv\/lv\/product\/freshco-3d-pu\/","title":{"rendered":"FRESHCO 3D PU"},"content":{"rendered":"Gaisa kamer\u0101s izmantoto materi\u0101lu\u00a0kombin\u0101cija (kokvilna + poliesters)\u00a0nodro\u0161ina lielisku gaisa cirkul\u0101ciju un\u00a0sadali, saglab\u0101jot komfortablu temperat\u016bras\u00a0re\u017e\u012bmu miega laik\u0101. Piem\u012bt augsta kapilarit\u0101te, gaisa kameras \u0101tri uzs\u016bc\u00a0un iztvaic\u0113 cilv\u0113ka \u0137erme\u0146a izdal\u012bto mitrumu. Gaisa kameru virs\u0113jais sl\u0101nis\u00a0ir no organisk\u0101s kokvilnas, pielietota AIGIS virsmas apstr\u0101des tehnolo\u0123ija\u00a0(notur\u012bgs svaigums, aizsardz\u012bba pret smak\u0101m un bakt\u0113rij\u0101m). Virsmatracis\u00a0neuzkarst un nerada troksni.<\/p>\n<p><strong>Sast\u0101vs: <\/strong><\/p>\n<p>virsmatra\u010da \u0101r\u0113j\u0101 da\u013ca - 40% organisk\u0101 kokvilna ar notur\u012bgo AIGIS<\/p>\n<p>svaigumu + 60% poliesters (gaisa kameras)<\/p>\n<p>Virsmatra\u010da iek\u0161\u0113j\u0101 da\u013ca \u2013 poliesters<\/p>\n<p><table id=\"table_267775934\" width=\"100%\" class=\"zebra\"><thead><tr><th>platums<\/th><th>garums<\/th><th>vietu skaits<\/th><th>cena, EUR<\/th><\/tr>\r\n    <\/thead>\r\n    <tbody>\r\n\t\r\n\t<script type=\"text\/javascript\" charset=\"utf-8\">\r\n jQuery(document).ready(function() {\r\n    jQuery('#table_267775934').DataTable( {\"destroy\": true,\"bPaginate\": false,\"bLengthChange\": false,\"bFilter\": false,\"bSort\": true,\"bInfo\": false,\"bStateSave\": true,\"bAutoWidth\": true,\"sPaginationType\": \"full_numbers\",\"oLanguage\": {\r\n\t\t\t\"sLengthMenu\": \"Display _MENU_ records per page\",\r\n\t\t\t\"sZeroRecords\": \"Nothing found - sorry\",\r\n\t\t\t\"sInfo\": \"Showing _START_ to _END_ of _TOTAL_ records\",\r\n\t\t\t\"sInfoEmpty\": \"Showing 0 to 0 of 0 records\",\r\n                        \"sSearch\": \"Search: \",\r\n\t\t\t\"sInfoFiltered\": \"(filtered from _MAX_ total records)\"\r\n\t\t}} );\r\n});\r\n <\/script><tr><td>140<\/td><td>200<\/td><td>1<\/td><td>78<\/td><\/tr><tr><td>160<\/td><td>200<\/td><td>2<\/td><td>88<\/td><\/tr><tr><td>180<\/td><td>200<\/td><td>2<\/td><td>100<\/td><\/tr>\r\n    <\/tbody>\r\n<\/table>","protected":false},"excerpt":{"rendered":"<p>Mitruma necaurlaid\u012bgs virsmatracis ar 3D\u00a0gaisa kamer\u0101m + \u201cakvastop\u201c membr\u0101na<\/p>\n","protected":false},"featured_media":2259,"comment_status":"closed","ping_status":"closed","template":"","meta":[],"_links":{"self":[{"href":"http:\/\/magniflex.lv\/lv\/wp-json\/wp\/v2\/product\/2264"}],"collection":[{"href":"http:\/\/magniflex.lv\/lv\/wp-json\/wp\/v2\/product"}],"about":[{"href":"http:\/\/magniflex.lv\/lv\/wp-json\/wp\/v2\/types\/product"}],"replies":[{"embeddable":true,"href":"http:\/\/magniflex.lv\/lv\/wp-json\/wp\/v2\/comments?post=2264"}],"wp:featuredmedia":[{"embeddable":true,"href":"http:\/\/magniflex.lv\/lv\/wp-json\/wp\/v2\/media\/2259"}],"wp:attachment":[{"href":"http:\/\/magniflex.lv\/lv\/wp-json\/wp\/v2\/media?parent=2264"}],"curies":[{"name":"wp","href":"https:\/\/api.w.org\/{rel}","templated":true}]}}