{"id":2265,"date":"2016-12-07T17:34:51","date_gmt":"2016-12-07T17:34:51","guid":{"rendered":"http:\/\/magniflex.lt\/?post_type=product&#038;p=2265"},"modified":"2019-03-21T09:22:55","modified_gmt":"2019-03-21T09:22:55","slug":"sanipur","status":"publish","type":"product","link":"http:\/\/magniflex.lv\/lv\/product\/sanipur\/","title":{"rendered":"SANIPUR"},"content":{"rendered":"Jau par standartu k\u013cuvu\u0161\u0101s prets\u0113ni\u0161u un\u00a0pret\u0113r\u010du aizsardz\u012bbas opcijas ir papildin\u0101tas\u00a0ar bioakt\u012bvo Impregn\u0113to sl\u0101niTrevia Fill Bio\u00a0Active, kas sniedz maksim\u0101lu aizsardz\u012bbu\u00a0pret aler\u0123ij\u0101m, c\u012bn\u0101s ar astmas izpausm\u0113m un nov\u0113r\u0161 smaku ra\u0161anos.\u00a0Bioakt\u012bvais impregn\u0113tais sl\u0101nis nezaud\u0113 savas \u012bpa\u0161\u012bbas virsmatra\u010da\u00a0kop\u0161anas un mazg\u0101\u0161anas laik\u0101. Step\u0113tais virsmatracis sp\u0113j nedaudz\u00a0palielin\u0101t matra\u010da komforta l\u012bmeni.<\/p>\n<p><strong>Sast\u0101vs: <\/strong><\/p>\n<p>virsmatra\u010da \u0101r\u0113j\u0101 da\u013ca \u2013 100% kokvilna \u201cmahra\u201c, 200 g\/m2<\/p>\n<p>Virsmatra\u010da iek\u0161\u0113j\u0101 da\u013ca - termoregul\u0113jo\u0161u poliestera mais\u012bjums, pildviela \u2013\u00a0100% poliesters, kas, pielietojot lielu spiedienu, ir padar\u012bts bl\u012bv\u0101ks,\u00a0pateicoties apstr\u0101dei ar Trevira Fill Bio Active.<\/p>\n<p><table id=\"table_282332361\" width=\"100%\" class=\"zebra\"><thead><tr><th>platums<\/th><th>garums<\/th><th>vietu skaits<\/th><th>cena, EUR<\/th><\/tr>\r\n    <\/thead>\r\n    <tbody>\r\n\t\r\n\t<script type=\"text\/javascript\" charset=\"utf-8\">\r\n jQuery(document).ready(function() {\r\n    jQuery('#table_282332361').DataTable( {\"destroy\": true,\"bPaginate\": false,\"bLengthChange\": false,\"bFilter\": false,\"bSort\": true,\"bInfo\": false,\"bStateSave\": true,\"bAutoWidth\": true,\"sPaginationType\": \"full_numbers\",\"oLanguage\": {\r\n\t\t\t\"sLengthMenu\": \"Display _MENU_ records per page\",\r\n\t\t\t\"sZeroRecords\": \"Nothing found - sorry\",\r\n\t\t\t\"sInfo\": \"Showing _START_ to _END_ of _TOTAL_ records\",\r\n\t\t\t\"sInfoEmpty\": \"Showing 0 to 0 of 0 records\",\r\n                        \"sSearch\": \"Search: \",\r\n\t\t\t\"sInfoFiltered\": \"(filtered from _MAX_ total records)\"\r\n\t\t}} );\r\n});\r\n <\/script><tr><td>90<\/td><td>200<\/td><td>1<\/td><td>35<\/td><\/tr><tr><td>120<\/td><td>200<\/td><td>1<\/td><td>44<\/td><\/tr><tr><td>140<\/td><td>200<\/td><td>1<\/td><td>51<\/td><\/tr><tr><td>160<\/td><td>200<\/td><td>2<\/td><td>55<\/td><\/tr><tr><td>180<\/td><td>200<\/td><td>2<\/td><td>63<\/td><\/tr>\r\n    <\/tbody>\r\n<\/table>","protected":false},"excerpt":{"rendered":"<p>Virsmatracis ar \u201cziemas-vasaras\u201c efektu.\u00a0\u201cZiemas\u201c puse - 100% kokvilna \u201cmahra\u201c,\u00a0\u201cvasaras\u201c puse \u2013 termoregul\u0113jo\u0161s poliesters.<\/p>\n","protected":false},"featured_media":2260,"comment_status":"closed","ping_status":"closed","template":"","meta":[],"_links":{"self":[{"href":"http:\/\/magniflex.lv\/lv\/wp-json\/wp\/v2\/product\/2265"}],"collection":[{"href":"http:\/\/magniflex.lv\/lv\/wp-json\/wp\/v2\/product"}],"about":[{"href":"http:\/\/magniflex.lv\/lv\/wp-json\/wp\/v2\/types\/product"}],"replies":[{"embeddable":true,"href":"http:\/\/magniflex.lv\/lv\/wp-json\/wp\/v2\/comments?post=2265"}],"wp:featuredmedia":[{"embeddable":true,"href":"http:\/\/magniflex.lv\/lv\/wp-json\/wp\/v2\/media\/2260"}],"wp:attachment":[{"href":"http:\/\/magniflex.lv\/lv\/wp-json\/wp\/v2\/media?parent=2265"}],"curies":[{"name":"wp","href":"https:\/\/api.w.org\/{rel}","templated":true}]}}